{"id":102855,"date":"2024-11-27T08:53:49","date_gmt":"2024-11-27T08:53:49","guid":{"rendered":"https:\/\/securitylab.amnesty.org\/fr\/?page_id=102855"},"modified":"2024-11-27T08:59:15","modified_gmt":"2024-11-27T08:59:15","slug":"ressources-externes","status":"publish","type":"page","link":"https:\/\/securitylab.amnesty.org\/fr\/ressources-externes\/","title":{"rendered":"Ressources externes"},"content":{"rendered":"<section class=\"wp-block-amnesty-core-hero aimc-ignore has-dark-background\" style=\"aiic:ignore;background-image:url('https:\/\/securitylab.amnesty.org\/fr\/wp-content\/uploads\/sites\/8\/2024\/11\/Stuff-in-phone-v2-cropped-and-flipped-1024x641-1.jpg')\">\n\t\n\t<div class=\"hero-contentWrapper\">\n\t\t\t<h1 class=\"hero-title\">\n\t\t\t<span>Ressources externes<\/span>\n\t\t<\/h1>\n\t\t\t\t<\/div>\n\n\n\t<div class=\"image-metadata is-image\"><span class=\"image-metadataItem image-copyright\" aria-hidden=\"true\">\u00a9 Colin Foo<\/span><\/div><\/section>\n\n\n\n\n\n<div class=\"wp-block-columns is-layout-flex wp-container-core-columns-is-layout-9d6595d7 wp-block-columns-is-layout-flex\">\n<div class=\"wp-block-column is-layout-flow wp-block-column-is-layout-flow\" style=\"flex-basis:20%\"><\/div>\n\n\n\n<div class=\"wp-block-column is-layout-flow wp-block-column-is-layout-flow\" style=\"flex-basis:60%\">\n<div class=\"wp-block-buttons is-horizontal is-content-justification-center is-layout-flex wp-container-core-buttons-is-layout-499968f5 wp-block-buttons-is-layout-flex\">\n<div class=\"wp-block-button is-style-light\"><a class=\"wp-block-button__link wp-element-button\" href=\"#digital-violence\">Violence num\u00e9rique<\/a><\/div>\n\n\n\n<div class=\"wp-block-button is-style-light\"><a class=\"wp-block-button__link wp-element-button\" href=\"#a-web-of-impunity\">Une toile d\u2019impunit\u00e9<\/a><\/div>\n<\/div>\n\n\n\n<div style=\"height:50px\" aria-hidden=\"true\" class=\"wp-block-spacer\"><\/div>\n\n\n\n\n\n\n<section id=\"section-d1ad021c\" class=\"section section--tinted\" style=\"\"><div id=\"d1ad021c\" class=\"container\">\n\n<h2 class=\"wp-block-heading\" id=\"digital-violence\">Violence num\u00e9rique&nbsp;: Comment NSO Group favorise le terrorisme d\u2019\u00c9tat<\/h2>\n\n\n\n<p>Pendant 15&nbsp;mois, Forensic Architecture a men\u00e9 de vastes recherches en s\u2019appuyant sur des informations disponibles en libre acc\u00e8s, organis\u00e9 des entretiens avec l\u2019aide de Laura Poitras, et d\u00e9velopp\u00e9 un logiciel sur mesure pour pr\u00e9senter ces donn\u00e9es sous la forme d\u2019une plateforme interactive en 3D, accompagn\u00e9e d\u2019enqu\u00eates vid\u00e9o comment\u00e9es par Edward Snowden, afin de raconter l\u2019histoire de personnes prises pour cible et de d\u00e9voiler la toile tiss\u00e9e par plusieurs entreprises, au c\u0153ur de laquelle se trouve NSO. Soutenue par Amnesty International et The Citizen Lab, l\u2019analyse r\u00e9v\u00e8le des relations et des sch\u00e9mas entre des faits distincts, aussi bien hors ligne qu\u2019en ligne, montrant ainsi que les infections num\u00e9riques se m\u00ealent \u00e0 une v\u00e9ritable violence, et s\u2019\u00e9tendent dans les r\u00e9seaux professionnels et personnels des acteurs de la soci\u00e9t\u00e9 civile \u00e0 travers le monde.<\/p>\n\n\n\n<p>Regardez les histoires de d\u00e9fenseur\u00b7e\u00b7s des droits humains pris pour cible par le logiciel Pegasus de NSO Group, explorez la base de donn\u00e9es compl\u00e8te sur les incidents li\u00e9s \u00e0 NSO Group, et naviguez dans la reconstruction interactive du r\u00e9seau d\u2019entreprises de NSO Group.<\/p>\n\n\n\n<p>Projet de <a href=\"https:\/\/forensic-architecture.org\/\">Forensic Architecture<\/a>, soutenu par Amnesty International <a href=\"https:\/\/citizenlab.ca\/\">The Citizen Lab<\/a>.<\/p>\n\n\n\n<figure class=\"wp-block-image size-large\"><div style=\"position:relative\"><img decoding=\"async\" src=\"https:\/\/securitylab.amnesty.org\/wp-content\/uploads\/2024\/10\/Digital-Violence-site-cropped-1024x417.png\" alt=\"Capture d\u2019\u00e9cran de la page d\u2019accueil du site web Violence num\u00e9rique. Mappemonde pr\u00e9sentant des points au niveau des pays o\u00f9 des incidents li\u00e9s \u00e0 NSO Group ont \u00e9t\u00e9 recens\u00e9s.\" class=\"aiic-ignore wp-image-194771\" \/><\/div><\/figure>\n\n\n\n<div class=\"wp-block-buttons is-layout-flex wp-block-buttons-is-layout-flex\">\n<div class=\"wp-block-button is-style-light\"><a class=\"wp-block-button__link wp-element-button\" href=\"https:\/\/www.digitalviolence.org\/#\/\">ALLER SUR LE SITE WEB VIOLENCE NUM\u00c9RIQUE<\/a><\/div>\n<\/div>\n\n\n\n<div style=\"height:1px\" aria-hidden=\"true\" class=\"wp-block-spacer\"><\/div>\n\n<\/div><\/section>\n\n\n<div style=\"height:50px\" aria-hidden=\"true\" class=\"wp-block-spacer\"><\/div>\n\n\n<section id=\"section-c6a3acf8\" class=\"section section--tinted\" style=\"\"><div id=\"c6a3acf8\" class=\"container\">\n\n<h2 class=\"wp-block-heading\" id=\"a-web-of-impunity\">Une toile d\u2019impunit\u00e9&nbsp;: les homicides cach\u00e9s par la coupure d\u2019Internet en Iran<\/h2>\n\n\n\n<p>En novembre 2019, les forces de s\u00e9curit\u00e9 iraniennes ont tu\u00e9 au moins 323&nbsp;hommes, femmes et enfants au cours des cinq jours de manifestation qui ont balay\u00e9 le pays. Outre cette r\u00e9pression meurtri\u00e8re, les autorit\u00e9s ont bloqu\u00e9 l\u2019acc\u00e8s \u00e0 Internet pour la majorit\u00e9 de la population. <\/p>\n\n\n\n<p>Une enqu\u00eate conjointe a \u00e9t\u00e9 men\u00e9e par Amnesty International et The Hertie School, en partenariat avec le projet Internet Outage Detection and Analysis (\u00ab&nbsp;D\u00e9tection et analyse des coupures d\u2019Internet&nbsp;\u00bb), pour d\u00e9couvrir la v\u00e9rit\u00e9 sur les personnes tu\u00e9es en Iran en novembre 2019.<\/p>\n\n\n\n<p>Ce site web a \u00e9t\u00e9 lanc\u00e9 \u00e0 la date anniversaire de la coupure d\u2019Internet et de la r\u00e9pression meurtri\u00e8re, pour expliquer ce qu\u2019est une coupure d\u2019Internet et en quoi c\u2019est une grave violation des droits humains, se souvenir des personnes tu\u00e9es pendant les manifestations, et demander votre aide pour obtenir justice et reddition de comptes.<\/p>\n\n\n\n<figure class=\"wp-block-image size-large\"><div style=\"position:relative\"><img decoding=\"async\" src=\"https:\/\/securitylab.amnesty.org\/wp-content\/uploads\/2024\/10\/a-web-of-impunity-cropped-1024x417.png\" alt=\"Capture d\u2019\u00e9cran de la page d\u2019accueil du site web Coupure d\u2019Internet en Iran. Image de fond\u00a0: une personne tient des fleurs dans ses mains. Texte\u00a0: Une toile d\u2019impunit\u00e9\u00a0: les homicides cach\u00e9s par la coupure d\u2019Internet en Iran\" class=\"aiic-ignore wp-image-194772\" \/><\/div><\/figure>\n\n\n\n<div class=\"wp-block-buttons is-layout-flex wp-block-buttons-is-layout-flex\">\n<div class=\"wp-block-button is-style-light\"><a class=\"wp-block-button__link wp-element-button\" href=\"https:\/\/iran-shutdown.amnesty.org\/\">Aller sur le site web Coupure d\u2019Internet en Iran<\/a><\/div>\n<\/div>\n\n\n\n<div style=\"height:1px\" aria-hidden=\"true\" class=\"wp-block-spacer\"><\/div>\n\n<\/div><\/section><\/div>\n\n\n\n<div class=\"wp-block-column is-layout-flow wp-block-column-is-layout-flow\" style=\"flex-basis:20%\"><\/div>\n<\/div>\n","protected":false},"excerpt":{"rendered":"","protected":false},"author":15,"featured_media":102866,"parent":0,"menu_order":0,"comment_status":"closed","ping_status":"closed","template":"","meta":{"_hero_title":"","_hero_content":"","_hero_cta_text":"","_hero_cta_link":"","_hero_alignment":"","_hero_background":"","_hero_size":"","_hero_show":"","_hero_type":"","_hero_embed":"","_hero_video_id":0,"_hero_hide_image_caption":true,"_hero_hide_image_copyright":false,"_nav_style":"","_disable_share_icons":false,"_disable_sidebar":false,"_display_author_info":false,"_hide_featured_image":true,"_hide_featured_image_caption":true,"_maximize_post_content":false,"_reduce_content_width":false,"_sidebar_id":0,"_stretch_thumbnail":false,"byline_context":"","byline_entity":"","byline_is_author":false,"disable_related_content":false,"download_id":0,"download_text":"","show_published_date":true,"show_updated_date":true,"term_slider":"","amnesty_index_number":"","recipients":"","recipients_refresh":"","recipients_refreshed":"","footnotes":""},"category":[],"location":[],"topic":[],"class_list":["post-102855","page","type-page","status-publish","has-post-thumbnail","hentry"],"_links":{"self":[{"href":"https:\/\/securitylab.amnesty.org\/fr\/wp-json\/wp\/v2\/pages\/102855","targetHints":{"allow":["GET"]}}],"collection":[{"href":"https:\/\/securitylab.amnesty.org\/fr\/wp-json\/wp\/v2\/pages"}],"about":[{"href":"https:\/\/securitylab.amnesty.org\/fr\/wp-json\/wp\/v2\/types\/page"}],"author":[{"embeddable":true,"href":"https:\/\/securitylab.amnesty.org\/fr\/wp-json\/wp\/v2\/users\/15"}],"replies":[{"embeddable":true,"href":"https:\/\/securitylab.amnesty.org\/fr\/wp-json\/wp\/v2\/comments?post=102855"}],"version-history":[{"count":0,"href":"https:\/\/securitylab.amnesty.org\/fr\/wp-json\/wp\/v2\/pages\/102855\/revisions"}],"wp:featuredmedia":[{"embeddable":true,"href":"https:\/\/securitylab.amnesty.org\/fr\/wp-json\/wp\/v2\/media\/102866"}],"wp:attachment":[{"href":"https:\/\/securitylab.amnesty.org\/fr\/wp-json\/wp\/v2\/media?parent=102855"}],"wp:term":[{"taxonomy":"category","embeddable":true,"href":"https:\/\/securitylab.amnesty.org\/fr\/wp-json\/wp\/v2\/category?post=102855"},{"taxonomy":"location","embeddable":true,"href":"https:\/\/securitylab.amnesty.org\/fr\/wp-json\/wp\/v2\/location?post=102855"},{"taxonomy":"topic","embeddable":true,"href":"https:\/\/securitylab.amnesty.org\/fr\/wp-json\/wp\/v2\/topic?post=102855"}],"curies":[{"name":"wp","href":"https:\/\/api.w.org\/{rel}","templated":true}]}}