{"id":102737,"date":"2024-06-17T16:21:13","date_gmt":"2024-06-17T16:21:13","guid":{"rendered":"https:\/\/securitylab.amnesty.org\/fr\/?page_id=102737"},"modified":"2024-06-17T16:21:13","modified_gmt":"2024-06-17T16:21:13","slug":"privacy-policy","status":"publish","type":"page","link":"https:\/\/securitylab.amnesty.org\/fr\/privacy-policy\/","title":{"rendered":"Politique de confidentialit\u00e9"},"content":{"rendered":"\n<h2 class=\"wp-block-heading\"><strong>Introduction<\/strong><\/h2>\n\n\n\n<p>Le Security Lab d\u2019Amnesty International s\u2019engage \u00e0 assurer la protection des donn\u00e9es personnelles de l\u2019ensemble des utilisateurs et utilisatrices. Nous faisons campagne depuis longtemps en faveur du droit \u00e0 la vie priv\u00e9e et contre l\u2019intrusion et la surveillance ill\u00e9gale par les \u00c9tats. En vertu de notre politique de confidentialit\u00e9, nous nous engageons, en tant qu\u2019organisation, \u00e0 respecter votre droit \u00e0 la vie priv\u00e9e, en vous expliquant de mani\u00e8re claire comment nous utilisons vos donn\u00e9es et quels sont vos droits par rapport \u00e0 ces informations. Les m\u00eames principes s\u2019appliquent lorsque nous recueillons vos donn\u00e9es personnelles par d\u2019autres canaux (courriels, appels ou messages t\u00e9l\u00e9phoniques, etc.). <\/p>\n\n\n\n<p>Cette politique s\u2019applique \u00e0 tous les syst\u00e8mes en ligne propos\u00e9s par le <a href=\"https:\/\/securitylab.amnesty.org\/fr\/\" target=\"_blank\" rel=\"noreferrer noopener\">Security Lab d\u2019Amnesty International<\/a>. Le Security Lab fait partie d\u2019Amnesty International Limited, l\u2019entreprise principale charg\u00e9e de la gestion du <a href=\"https:\/\/www.amnesty.org\/fr\/who-we-are\/\" target=\"_blank\" rel=\"noreferrer noopener\"><strong>Secr\u00e9tariat international<\/strong><\/a> d\u2019Amnesty, enregistr\u00e9e en Angleterre et au Pays de Galles comme soci\u00e9t\u00e9 \u00e0 responsabilit\u00e9 limit\u00e9e par garantie (num\u00e9ro d\u2019immatriculation\u00a0: 01606776). <\/p>\n\n\n\n<p>Amnesty International Limited est le contr\u00f4leur de donn\u00e9es enregistr\u00e9 auquel la politique fait r\u00e9f\u00e9rence. Vous trouverez tous les d\u00e9tails nous concernant \u00e0 la fin de ce document. N\u2019h\u00e9sitez pas \u00e0 nous contacter pour toute question \u00e0 ce sujet. <\/p>\n\n\n\n<h2 class=\"wp-block-heading\"><strong>Quelles informations collectons-nous et par quels moyens&nbsp;?<\/strong> <\/h2>\n\n\n\n<p>Le type et la quantit\u00e9 d\u2019informations que nous recevons et stockons d\u00e9pendent de la mani\u00e8re dont vous utilisez notre site web. Vous pouvez acc\u00e9der \u00e0 la plupart des pages de notre site sans indiquer qui vous \u00eates ni r\u00e9v\u00e9ler aucun renseignement personnel, en dehors de votre adresse&nbsp;IP. <\/p>\n\n\n\n<p>Nos serveurs web utilisent des cookies et alimentent des journaux lors des visites sur notre site, ce qui permet d\u2019obtenir des \u00e9l\u00e9ments pr\u00e9cieux pour am\u00e9liorer l\u2019exp\u00e9rience des utilisateurs\u00b7trices \u00e0 l\u2019avenir. Pour en savoir plus, voir la page <a href=\"https:\/\/securitylab.amnesty.org\/fr\/cookies-policy\/\" target=\"_blank\" rel=\"noreferrer noopener\">Politique sur les cookies<\/a>. <\/p>\n\n\n\n<p>Nous recueillons aussi des donn\u00e9es personnelles, c\u2019est-\u00e0-dire des informations qui concernent une personne identifi\u00e9e ou identifiable. Il peut s\u2019agir d\u2019\u00e9l\u00e9ments aussi simples que le nom ou le num\u00e9ro de t\u00e9l\u00e9phone, d\u2019identifiants, ou d\u2019autres donn\u00e9es comme l\u2019adresse&nbsp;IP ou des cookies, entre autres. <\/p>\n\n\n\n<h2 class=\"wp-block-heading\"><strong>Il est possible que nous recueillions des donn\u00e9es personnelles, dont votre adresse&nbsp;IP, de diff\u00e9rentes mani\u00e8res&nbsp;:<\/strong> <\/h2>\n\n\n\n<ul class=\"wp-block-list\">\n<li>Lorsque vous vous rendez sur notre site web, les informations concernant votre appareil sont automatiquement collect\u00e9es, notamment votre adresse&nbsp;IP. <\/li>\n\n\n\n<li>Lorsque vous nous contactez <a href=\"https:\/\/securitylab.amnesty.org\/fr\/contact-us\/\">par courriel<\/a> ou sur notre messagerie publique \u00e0 share@amnesty.tech. <\/li>\n\n\n\n<li>Lorsque vous remplissez le <a href=\"https:\/\/securitylab.amnesty.org\/fr\/get-help\/\">formulaire pour obtenir une aide en mati\u00e8re de criminalistique num\u00e9rique<\/a>. <\/li>\n\n\n\n<li>Lorsque vous partagez des \u00e9l\u00e9ments de preuve avec le Security Lab pour analyse. <\/li>\n\n\n\n<li>Lorsque vous nous adressez votre candidature, comme pour b\u00e9n\u00e9ficier de la Bourse en criminalistique num\u00e9rique. <\/li>\n<\/ul>\n\n\n\n<p><strong>Si vous d\u00e9cidez de nous les communiquer, nous pouvons collecter les donn\u00e9es personnelles suivantes&nbsp;:<\/strong> <\/p>\n\n\n\n<ul class=\"wp-block-list\">\n<li>Nom <\/li>\n\n\n\n<li>\u00c2ge <\/li>\n\n\n\n<li>Activit\u00e9 professionnelle <\/li>\n\n\n\n<li>Nationalit\u00e9 <\/li>\n\n\n\n<li>Pays <\/li>\n\n\n\n<li>Adresse \u00e9lectronique <\/li>\n\n\n\n<li>Num\u00e9ro de t\u00e9l\u00e9phone <\/li>\n\n\n\n<li>Des \u00ab&nbsp;cat\u00e9gories particuli\u00e8res de donn\u00e9es&nbsp;\u00bb<sup>1<\/sup>, aussi appel\u00e9es \u00ab&nbsp;donn\u00e9es sensibles&nbsp;\u00bb, telles que le genre, l\u2019origine ethnique, l\u2019orientation sexuelle, les opinions politiques, les convictions religieuses ou philosophiques, le handicap et les condamnations p\u00e9nales. <\/li>\n\n\n\n<li>Les informations concernant vos appareils, telles que les fichiers journaux du syst\u00e8me et, dans certains cas, des donn\u00e9es sur vos communications, y compris les SMS et l\u2019historique de navigation. <\/li>\n<\/ul>\n\n\n\n<h2 class=\"wp-block-heading\"><strong>Comment utilisons-nous les informations collect\u00e9es&nbsp;?<\/strong> <\/h2>\n\n\n\n<p>Nous utilisons vos donn\u00e9es personnelles recueillies par l\u2019interm\u00e9diaire de notre site web \u00e0 diff\u00e9rentes fins&nbsp;: <\/p>\n\n\n\n<ul class=\"wp-block-list\">\n<li>Pour communiquer avec vous. <\/li>\n\n\n\n<li>Pour mener des enqu\u00eates et d\u2019autres interactions avec vous. <\/li>\n\n\n\n<li>Pour vous offrir un service et une aide personnalis\u00e9s. <\/li>\n\n\n\n<li>Pour vous offrir des informations sur les nouvelles menaces num\u00e9riques et les moyens de vous prot\u00e9ger. <\/li>\n\n\n\n<li>Pour pr\u00e9parer une analyse globale de l\u2019ampleur des attaques num\u00e9riques, comprenant leurs cons\u00e9quences et leur localisation. <\/li>\n<\/ul>\n\n\n\n<ul class=\"wp-block-list\">\n<li>Pour partager vos donn\u00e9es avec d\u2019autres entit\u00e9s d\u2019Amnesty International ou des tiers de confiance (voir le d\u00e9tail ci-dessous). <\/li>\n\n\n\n<li>Pour am\u00e9liorer notre site web. <\/li>\n\n\n\n<li>Pour remplir nos obligations l\u00e9gales. <\/li>\n<\/ul>\n\n\n\n<h2 class=\"wp-block-heading\"><strong>Fondement juridique du traitement des donn\u00e9es<\/strong><\/h2>\n\n\n\n<p>Le droit relatif \u00e0 la protection des donn\u00e9es nous impose d\u2019avoir une raison l\u00e9gale de traiter vos donn\u00e9es personnelles. Nous utilisons les justifications suivantes, selon le type de donn\u00e9es et le type de traitement&nbsp;: <\/p>\n\n\n\n<h3 class=\"wp-block-heading\"><strong>Consentement<\/strong><\/h3>\n\n\n\n<p>Nous demandons votre consentement pour communiquer avec vous, par exemple, pour vous envoyer des informations sur les nouvelles menaces num\u00e9riques, pour r\u00e9pondre \u00e0 l\u2019envoi de votre formulaire pour obtenir une aide en mati\u00e8re de criminalistique num\u00e9rique, ou pour r\u00e9pondre \u00e0 votre candidature. Si vous nous fournissez des donn\u00e9es sensibles (comme votre couleur de peau, votre origine ethnique ou votre genre), nous ne les traiterons qu\u2019avec votre consentement. <\/p>\n\n\n\n<h3 class=\"wp-block-heading\"><strong>Int\u00e9r\u00eat l\u00e9gitime<\/strong> <\/h3>\n\n\n\n<p>Nous partageons parfois vos donn\u00e9es personnelles avec d\u2019autres composantes du mouvement mondial d\u2019Amnesty International ou des tiers de confiance (voir plus loin), afin de vous offrir une aide personnalis\u00e9e et de coordonner les efforts \u00e0 travers la soci\u00e9t\u00e9 civile. <\/p>\n\n\n\n<h3 class=\"wp-block-heading\"><strong>Obligations juridiques<\/strong><\/h3>\n\n\n\n<p>Nous traiterons vos donn\u00e9es personnelles afin de respecter les obligations juridiques qui nous incombent et si cela nous est demand\u00e9 en toute l\u00e9galit\u00e9 par une autorit\u00e9 judiciaire ou un tribunal. <\/p>\n\n\n\n<h3 class=\"wp-block-heading\"><strong>N\u00e9cessit\u00e9<\/strong><\/h3>\n\n\n\n<p>Lorsque vous nous adressez votre candidature, par exemple, le traitement de certaines informations est n\u00e9cessaire \u00e0 des fins de recrutement. <\/p>\n\n\n\n<h3 class=\"wp-block-heading\"><strong>S\u00e9curit\u00e9<\/strong><\/h3>\n\n\n\n<p>Nous prenons les mesures de s\u00e9curit\u00e9 appropri\u00e9es afin de veiller \u00e0 ce que vos donn\u00e9es soient exactes, \u00e0 jour et conserv\u00e9es dans un lieu s\u00e9curis\u00e9. N\u00e9anmoins, la transmission d\u2019informations par Internet n\u2019est jamais totalement s\u00fbre, et m\u00eame si nous faisons de notre mieux pour prot\u00e9ger les donn\u00e9es personnelles, nous ne pouvons pas garantir la s\u00e9curit\u00e9 des informations qui nous sont communiqu\u00e9es. <\/p>\n\n\n\n<h2 class=\"wp-block-heading\"><strong>Sites web de tiers<\/strong> <\/h2>\n\n\n\n<p>Notre site web contient parfois des liens vers des sites ou des applications de tiers, ou des contenus provenant de tels sites (voir les explications \u00e0 ce sujet sur les pages d\u00e9di\u00e9es). La pr\u00e9sente politique ne s\u2019applique pas \u00e0 ces pages ou applications h\u00e9berg\u00e9es ou g\u00e9r\u00e9es par d\u2019autres organisations, ce qui inclut les sites web et les applications des sections d\u2019Amnesty International, d\u2019organisations partenaires ou de tiers. Ces autres sites web peuvent avoir leur propre politique de confidentialit\u00e9.&nbsp;<\/p>\n\n\n\n<h2 class=\"wp-block-heading\"><strong>Partage de vos informations personnelles<\/strong> <\/h2>\n\n\n\n<p>Nous ne partagerons vos informations personnelles que dans les cas suivants. <\/p>\n\n\n\n<h3 class=\"wp-block-heading\"><strong>Partage avec d\u2019autres composantes du mouvement mondial d\u2019Amnesty International<\/strong> <\/h3>\n\n\n\n<p>Le Security Lab d\u2019Amnesty International est une composante du mouvement mondial d\u2019Amnesty International. Notre mouvement comprend plus de 60&nbsp;organisations reposant sur une base de membres, qui agissent pour faire cesser les violations des droits humains dans le monde entier. Certaines de ces entit\u00e9s ont un statut officiel, d\u2019autres non. Nous sommes susceptibles de partager vos donn\u00e9es avec ces entit\u00e9s, qui peuvent ensuite les utiliser dans le cadre de leurs activit\u00e9s. Par exemple, si vous nous avez adress\u00e9 une demande relative \u00e0 la criminalistique, il est possible que nous transmettions votre nom et votre organisation avec le bureau r\u00e9gional ou l\u2019entit\u00e9 nationale d\u2019Amnesty International concern\u00e9\u00b7e, afin d\u2019aider \u00e0 traiter votre cas. Dans la mesure o\u00f9 le partage de vos donn\u00e9es personnelles dans ce contexte peut nous obliger \u00e0 les transf\u00e9rer hors de l\u2019Union europ\u00e9enne, nous avons pris des dispositions contractuelles qui imposent \u00e0 l\u2019entit\u00e9 destinataire de respecter les normes europ\u00e9ennes lorsqu\u2019elle les re\u00e7oit et les traite. <br><br>Dans le cadre d\u2019un recrutement, vos donn\u00e9es personnelles sont stock\u00e9es dans l\u2019infrastructure d\u2019Amnesty International Limited. Dans la mesure o\u00f9 le partage de vos donn\u00e9es personnelles dans ce contexte peut nous obliger \u00e0 les transf\u00e9rer hors de l\u2019Union europ\u00e9enne, nous avons pris des dispositions contractuelles qui imposent \u00e0 l\u2019entit\u00e9 destinataire de respecter les normes europ\u00e9ennes lorsqu\u2019elle les re\u00e7oit et les traite. <\/p>\n\n\n\n<h3 class=\"wp-block-heading\"><strong>Modalit\u00e9s d\u2019h\u00e9bergement et de traitement<\/strong> <\/h3>\n\n\n\n<p>Notre site web est h\u00e9berg\u00e9 par un prestataire de service tiers, et de ce fait, toute donn\u00e9e personnelle que vous transmettez par l\u2019interm\u00e9diaire de ce site peut \u00eatre trait\u00e9e par ce prestataire, comme votre adresse&nbsp;IP ou votre adresse \u00e9lectronique. <\/p>\n\n\n\n<p>Le <a href=\"https:\/\/securitylab.amnesty.org\/fr\/get-help\/\">Formulaire pour obtenir une aide en mati\u00e8re de criminalistique num\u00e9rique<\/a> est h\u00e9berg\u00e9 en interne par le Security Lab d\u2019Amnesty International, ce qui signifie que toutes les donn\u00e9es collect\u00e9es sont stock\u00e9es et trait\u00e9es uniquement sur l\u2019infrastructure g\u00e9r\u00e9e et contr\u00f4l\u00e9e par le Security Lab. Ce syst\u00e8me est conforme \u00e0 la pr\u00e9sente politique. <\/p>\n\n\n\n<p>Nous faisons aussi appel \u00e0 des tiers pour traiter toutes les informations concernant les candidatures et les processus de recrutement y aff\u00e9rents. <\/p>\n\n\n\n<p>Tous les prestataires de services tiers sont li\u00e9s par des dispositions contractuelles conformes au droit relatif \u00e0 la protection des donn\u00e9es. <\/p>\n\n\n\n<h3 class=\"wp-block-heading\"><strong>Autres types de partages<\/strong><\/h3>\n\n\n\n<p>Nous pouvons \u00e9galement partager vos donn\u00e9es personnelles avec votre autorisation ou si la loi nous y oblige dans des circonstances o\u00f9 nous ne pouvons pas raisonnablement nous y opposer. <\/p>\n\n\n\n<p>Vos donn\u00e9es peuvent \u00eatre transmises dans certains cas \u00e0 des tiers, telles que d\u2019autres composantes du mouvement mondial Amnesty International ou des partenaires de confiance de la soci\u00e9t\u00e9 civile. Par exemple, si une organisation partenaire de confiance apporte son concours dans votre cas, il est possible que nous soyons en relation avec elle pour coordonner nos efforts. Dans de telles circonstances, les informations seraient communiqu\u00e9es de fa\u00e7on confidentielle et exclusive aux parties concern\u00e9es. <\/p>\n\n\n\n<h2 class=\"wp-block-heading\"><strong>Utilisation des cookies<\/strong><\/h2>\n\n\n\n<p>Un cookie est un petit fichier texte qu\u2019un site web envoie sur le disque dur de votre ordinateur pour pouvoir se rappeler qui vous \u00eates. En principe, un cookie contient le nom du domaine internet d\u2019o\u00f9 il vient, sa \u00ab&nbsp;dur\u00e9e de vie&nbsp;\u00bb et une valeur, g\u00e9n\u00e9ralement un nombre unique g\u00e9n\u00e9r\u00e9 de mani\u00e8re al\u00e9atoire. <\/p>\n\n\n\n<p>Si vous le souhaitez, vous pouvez configurer votre navigateur internet pour restreindre ou bloquer les cookies. Pour plus d\u2019informations, cliquez sur ce lien&nbsp;: <a href=\"https:\/\/www.aboutcookies.org\/\" target=\"_blank\" rel=\"noreferrer noopener\"><strong>www.aboutcookies.org.<\/strong><\/a> <\/p>\n\n\n\n<p>Merci de vous r\u00e9f\u00e9rer \u00e0 notre <a href=\"https:\/\/securitylab.amnesty.org\/fr\/cookies-policy\/\" target=\"_blank\" rel=\"noreferrer noopener\">Politique sur les cookies<\/a> pour en savoir plus sur les cookies et la fa\u00e7on dont le Security Lab d\u2019Amnesty International les utilise. <\/p>\n\n\n\n<h2 class=\"wp-block-heading\"><strong>Personnes de moins de 18&nbsp;ans<\/strong> <\/h2>\n\n\n\n<p>Si vous avez 18&nbsp;ans ou moins, vous devez obtenir l\u2019autorisation de l\u2019un de vos parents ou de votre tuteur\/tutrice avant de nous communiquer des donn\u00e9es personnelles. <\/p>\n\n\n\n<h2 class=\"wp-block-heading\"><strong>Dur\u00e9e de conservation des donn\u00e9es<\/strong> <\/h2>\n\n\n\n<p>Nous ne conservons vos donn\u00e9es personnelles dans nos syst\u00e8mes que pendant le temps n\u00e9cessaire \u00e0 leur traitement aux fins susmentionn\u00e9es. Nous les supprimons d\u00e8s que nous n\u2019en avons plus besoin, conform\u00e9ment \u00e0 nos directives sur la dur\u00e9e d\u2019accessibilit\u00e9 des informations importantes en vue d\u2019une utilisation future ou \u00e0 titre de r\u00e9f\u00e9rence et sur les d\u00e9lais et les modalit\u00e9s de destruction de ces donn\u00e9es. <\/p>\n\n\n\n<p>La dur\u00e9e pendant laquelle les donn\u00e9es de diff\u00e9rentes cat\u00e9gories seront conserv\u00e9es d\u00e9pend du d\u00e9lai de traitement, du motif de la collecte et de toute disposition statutaire. Une fois ce laps de temps \u00e9coul\u00e9, les donn\u00e9es seront soit d\u00e9truites, soit conserv\u00e9es dans des archives anonymes et s\u00e9curis\u00e9es \u00e0 des fins de recherche et d\u2019analyse. <\/p>\n\n\n\n<h2 class=\"wp-block-heading\"><strong>Vos droits relatifs \u00e0 vos donn\u00e9es personnelles<\/strong> <\/h2>\n\n\n\n<p>Les donn\u00e9es personnelles que nous d\u00e9tenons \u00e0 votre sujet vous appartiennent. Vous avez les droits suivants \u00e0 leur \u00e9gard&nbsp;: <\/p>\n\n\n\n<ul class=\"wp-block-list\">\n<li>\u00catre inform\u00e9\u00b7e des modalit\u00e9s de traitement. <\/li>\n\n\n\n<li>Avoir acc\u00e8s \u00e0 vos donn\u00e9es. <\/li>\n\n\n\n<li>Rectifier toute donn\u00e9e inexacte. <\/li>\n\n\n\n<li>Nous demander de supprimer vos donn\u00e9es. <\/li>\n\n\n\n<li>Restreindre le traitement de vos donn\u00e9es (y compris les courriels que nous vous envoyons) \u00e0 tout moment. <\/li>\n\n\n\n<li>Vous opposer au stockage de vos donn\u00e9es. <\/li>\n\n\n\n<li>Transf\u00e9rer vos donn\u00e9es. <\/li>\n<\/ul>\n\n\n\n<h2 class=\"wp-block-heading\"><strong>D\u00e9claration de confidentialit\u00e9 relative aux recrutements<\/strong> <\/h2>\n\n\n\n<p>Amnesty International Limited s\u2019engage \u00e0 traiter de mani\u00e8re responsable les donn\u00e9es personnelles collect\u00e9es dans le cadre du processus de recrutement. <\/p>\n\n\n\n<p>Les renseignements que vous nous communiquez au titre de votre candidature ne seront utilis\u00e9s qu\u2019en interne dans le cadre des processus de recrutement et de s\u00e9lection, et ne seront pas divulgu\u00e9s \u00e0 des tiers sans votre consentement, except\u00e9 dans les cas pr\u00e9vus par la loi et \u00e0 notre prestataire de services (voir la d\u00e9claration g\u00e9n\u00e9rale pour en savoir plus). <\/p>\n\n\n\n<p>Les donn\u00e9es personnelles sensibles, comme le genre, l\u2019\u00e2ge, l\u2019orientation sexuelle, la religion ou la foi, les responsabilit\u00e9s familiales, le handicap, l\u2019origine ethnique ou la r\u00e9gion d\u2019origine, seront rendues anonymes et ne serviront qu\u2019\u00e0 assurer le suivi de la diversit\u00e9 culturelle et de l\u2019\u00e9galit\u00e9 des chances. Les candidatures non retenues seront conserv\u00e9es pendant trois ans apr\u00e8s la fin du processus de s\u00e9lection. Nous vous demanderons de donner votre accord en signant la d\u00e9claration reproduite ci-dessous. <\/p>\n\n\n\n<h3 class=\"wp-block-heading\"><strong>D\u00e9claration<\/strong> <\/h3>\n\n\n\n<p>Je confirme que les informations fournies au titre de ma candidature sont exactes et compl\u00e8tes. J\u2019accepte que toute omission volontaire, falsification ou interpr\u00e9tation d\u00e9lib\u00e9r\u00e9ment erron\u00e9e dans le formulaire de candidature constitue un motif de rejet de ma candidature, ou de licenciement ult\u00e9rieur si je suis employ\u00e9\u00b7e par l\u2019organisation. Le cas \u00e9ch\u00e9ant, je consens \u00e0 ce que l\u2019organisation demande des \u00e9claircissements quant \u00e0 mon adh\u00e9sion \u00e0 un organisme professionnel. Je consens \u00e0 ce qu\u2019Amnesty International traite mes donn\u00e9es personnelles dans le respect des dispositions de confidentialit\u00e9 \u00e9tablies ci-dessus. <\/p>\n\n\n\n<h3 class=\"wp-block-heading\"><strong>Si vous souhaitez exercer l\u2019un de ces droits ou si vous avez des questions sur notre politique de confidentialit\u00e9, n\u2019h\u00e9sitez pas \u00e0 nous contacter.<\/strong> <\/h3>\n\n\n\n<p>Courriel&nbsp;: <a href=\"mailto:hello@amnesty.tech\">hello@amnesty.tech<\/a><\/p>\n\n\n\n<h2 class=\"wp-block-heading\"><strong>R\u00e9clamations<\/strong><\/h2>\n\n\n\n<p>Si vous souhaitez faire une r\u00e9clamation concernant le traitement de vos donn\u00e9es personnelles, veuillez nous contacter \u00e0 l\u2019adresse ci-dessus en d\u00e9taillant votre cas. Nous nous efforcerons de r\u00e9pondre dans un d\u00e9lai de 14&nbsp;jours ouvr\u00e9s au maximum. <\/p>\n\n\n\n<p>Si vous n\u2019\u00eates pas satisfait\u00b7e du traitement de votre r\u00e9clamation, vous pouvez saisir l\u2019Information Commissioner\u2019s Office, l\u2019autorit\u00e9 de r\u00e9glementation du Royaume-Uni en charge de la protection des donn\u00e9es et du respect de la vie priv\u00e9e. <\/p>\n\n\n\n<p>Site web&nbsp;: <a href=\"https:\/\/ico.org.uk\/global\/contact-us\/\" target=\"_blank\" rel=\"noreferrer noopener\"><strong>https:\/\/ico.org.uk\/global\/contact-us\/<\/strong><\/a> <\/p>\n\n\n\n<p>T\u00e9l\u00e9phone&nbsp;: <a href=\"https:\/\/www.amnesty.org\/en\/privacy-policy\/03031231113\" target=\"_blank\" rel=\"noreferrer noopener\"><strong>0303 123 1113<\/strong><\/a> <\/p>\n\n\n\n<p><em>Derni\u00e8re mise \u00e0 jour&nbsp;: Mars 2024<\/em><\/p>\n","protected":false},"excerpt":{"rendered":"<p>Introduction Le Security Lab d\u2019Amnesty International s\u2019engage \u00e0 assurer la protection des donn\u00e9es personnelles de l\u2019ensemble des utilisateurs et utilisatrices. Nous faisons campagne depuis longtemps en faveur du droit \u00e0 la vie priv\u00e9e et contre l\u2019intrusion et la surveillance ill\u00e9gale par les \u00c9tats. En vertu de notre politique de confidentialit\u00e9, nous nous engageons, en tant [&hellip;]<\/p>\n","protected":false},"author":13,"featured_media":0,"parent":0,"menu_order":0,"comment_status":"closed","ping_status":"closed","template":"","meta":{"_hero_title":"","_hero_content":"","_hero_cta_text":"","_hero_cta_link":"","_hero_alignment":"","_hero_background":"","_hero_size":"","_hero_show":"","_hero_type":"","_hero_embed":"","_hero_video_id":0,"_hero_hide_image_caption":true,"_hero_hide_image_copyright":false,"_nav_style":"","_disable_share_icons":false,"_disable_sidebar":false,"_display_author_info":false,"_hide_featured_image":false,"_hide_featured_image_caption":true,"_maximize_post_content":false,"_reduce_content_width":false,"_sidebar_id":0,"_stretch_thumbnail":false,"byline_context":"","byline_entity":"","byline_is_author":false,"disable_related_content":false,"download_id":0,"download_text":"","show_published_date":true,"show_updated_date":true,"term_slider":"","amnesty_index_number":"","recipients":"","recipients_refresh":"","recipients_refreshed":"","footnotes":""},"category":[],"location":[],"topic":[],"class_list":["post-102737","page","type-page","status-publish","hentry"],"_links":{"self":[{"href":"https:\/\/securitylab.amnesty.org\/fr\/wp-json\/wp\/v2\/pages\/102737","targetHints":{"allow":["GET"]}}],"collection":[{"href":"https:\/\/securitylab.amnesty.org\/fr\/wp-json\/wp\/v2\/pages"}],"about":[{"href":"https:\/\/securitylab.amnesty.org\/fr\/wp-json\/wp\/v2\/types\/page"}],"author":[{"embeddable":true,"href":"https:\/\/securitylab.amnesty.org\/fr\/wp-json\/wp\/v2\/users\/13"}],"replies":[{"embeddable":true,"href":"https:\/\/securitylab.amnesty.org\/fr\/wp-json\/wp\/v2\/comments?post=102737"}],"version-history":[{"count":0,"href":"https:\/\/securitylab.amnesty.org\/fr\/wp-json\/wp\/v2\/pages\/102737\/revisions"}],"wp:attachment":[{"href":"https:\/\/securitylab.amnesty.org\/fr\/wp-json\/wp\/v2\/media?parent=102737"}],"wp:term":[{"taxonomy":"category","embeddable":true,"href":"https:\/\/securitylab.amnesty.org\/fr\/wp-json\/wp\/v2\/category?post=102737"},{"taxonomy":"location","embeddable":true,"href":"https:\/\/securitylab.amnesty.org\/fr\/wp-json\/wp\/v2\/location?post=102737"},{"taxonomy":"topic","embeddable":true,"href":"https:\/\/securitylab.amnesty.org\/fr\/wp-json\/wp\/v2\/topic?post=102737"}],"curies":[{"name":"wp","href":"https:\/\/api.w.org\/{rel}","templated":true}]}}