{"id":102735,"date":"2024-05-23T13:34:39","date_gmt":"2024-05-23T13:34:39","guid":{"rendered":"https:\/\/securitylab.amnesty.org\/fr\/?page_id=102735"},"modified":"2024-11-27T10:42:26","modified_gmt":"2024-11-27T10:42:26","slug":"partners-and-support","status":"publish","type":"page","link":"https:\/\/securitylab.amnesty.org\/fr\/partners-and-support\/","title":{"rendered":"Partenaires et assistance"},"content":{"rendered":"<div class=\"container\"><div class=\"hero-content\"><\/div><\/div><\/div>\n\n<section id=\"section-be676486\" class=\"section\" style=\"\"><div id=\"be676486\" class=\"container\">\n\n<div class=\"wp-block-columns is-layout-flex wp-container-core-columns-is-layout-9d6595d7 wp-block-columns-is-layout-flex\">\n<div class=\"wp-block-column is-layout-flow wp-block-column-is-layout-flow\" style=\"flex-basis:20%\"><\/div>\n\n\n\n<div class=\"wp-block-column is-layout-flow wp-block-column-is-layout-flow\" style=\"flex-basis:60%\">\n<h2 class=\"wp-block-heading\">Assistance en criminalistique num\u00e9rique<\/h2>\n\n\n\n<p>Le Security Lab propose une assistance en criminalistique num\u00e9rique aux d\u00e9fenseur\u00b7e\u00b7s des droits humains et aux organisations de la soci\u00e9t\u00e9 civile en danger. Si vous craignez que vous ou vos appareils ayez \u00e9t\u00e9 pris pour cible par un logiciel espion, ou si vous avez d\u2019autres inqui\u00e9tudes li\u00e9es \u00e0 la technologie num\u00e9rique, vous pouvez <a href=\"https:\/\/securitylab.amnesty.org\/contact-us\/\">nous contacter<\/a>.<\/p>\n\n\n\n<p>Veuillez donner autant d\u2019informations que possible pour appuyer vos pr\u00e9occupations (comme toute notification d\u2019attaque soutenue par l\u2019\u00c9tat que vous auriez re\u00e7ue). Vous pouvez \u00e9galement inclure des informations nous permettant de v\u00e9rifier votre identit\u00e9 et votre r\u00f4le au sein de la soci\u00e9t\u00e9 civile.<\/p>\n\n\n\n<h2 class=\"wp-block-heading\">Partenariats en criminalistique<\/h2>\n\n\n\n<p>En 2023, le Security Lab a lanc\u00e9 un programme unique de partenariats avec six organisations de la soci\u00e9t\u00e9 civile travaillant sur la criminalistique num\u00e9rique&nbsp;: Access Now, Front Line Defenders, Human Rights Watch, InterSecLab, SocialTic, et Reporters sans fronti\u00e8res. Ces partenariats couvrent divers pays, cas et sujets sp\u00e9cifiques.&nbsp;<\/p>\n\n\n\n<p>Ce programme constitue un nouveau mod\u00e8le de collaboration qui vise \u00e0&nbsp;:&nbsp;<\/p>\n\n\n\n<ul class=\"wp-block-list\">\n<li>Partager les renseignements sur les menaces afin d\u2019aider \u00e0 r\u00e9v\u00e9ler et comprendre les nouveaux dangers et les risques \u00e9mergents auxquels sont confront\u00e9es diverses communaut\u00e9s de d\u00e9fenseur\u00b7e\u00b7s des droits humains et de journalistes menac\u00e9s.<\/li>\n\n\n\n<li>Appuyer une v\u00e9rification ind\u00e9pendante des cas, une am\u00e9lioration des outils et des recherches collectives en criminalistique num\u00e9rique.&nbsp;&nbsp;<\/li>\n\n\n\n<li>Renforcer les capacit\u00e9s des personnes et des organisations \u00e0 mener des activit\u00e9s de criminalistique num\u00e9rique.&nbsp;<\/li>\n\n\n\n<li>Accentuer les efforts pour prot\u00e9ger la soci\u00e9t\u00e9 civile \u00e0 travers le monde.&nbsp;<\/li>\n<\/ul>\n\n\n\n<p>Chaque partenaire et le Security Lab s\u2019entretiennent tous les mois pour \u00e9changer des id\u00e9es, poser des questions et \u00e9voquer des cas de fa\u00e7on plus approfondie, maintiennent des canaux de communication ouverts pour les questions ad hoc et le partage d\u2019informations, et m\u00e8nent des enqu\u00eates conjointes si cela est pertinent.<\/p>\n\n\n\n<h3 class=\"wp-block-heading\">Partenaires du Security Lab<\/h3>\n\n\n\n<div class=\"wp-block-columns is-layout-flex wp-container-core-columns-is-layout-9d6595d7 wp-block-columns-is-layout-flex\">\n<div class=\"wp-block-column is-vertically-aligned-center is-layout-flow wp-block-column-is-layout-flow\">\n<figure class=\"wp-block-image aligncenter size-full\"><a href=\"https:\/\/www.accessnow.org\/help\/#amnesty\" target=\"_blank\" rel=\"noreferrer noopener\"><div style=\"position:relative\"><img decoding=\"async\" src=\"https:\/\/securitylab.amnesty.org\/wp-content\/uploads\/2023\/08\/access-now-logo.png\" alt=\"Access Now\" class=\"aiic-ignore wp-image-1700\" \/><\/div><\/a><\/figure>\n<\/div>\n\n\n\n<div class=\"wp-block-column is-vertically-aligned-center is-layout-flow wp-block-column-is-layout-flow\">\n<figure class=\"wp-block-image aligncenter size-large\"><a href=\"https:\/\/rsf.org\/en\/digital-security-lab\" target=\"_blank\" rel=\"noreferrer noopener\"><div style=\"position:relative\"><img decoding=\"async\" src=\"https:\/\/securitylab.amnesty.org\/wp-content\/uploads\/2023\/08\/Screenshot-2023-08-08-at-11.23.06-1024x437.png\" alt=\"Reporters sans fronti\u00e8res\" class=\"aiic-ignore wp-image-1695\" \/><\/div><\/a><\/figure>\n<\/div>\n\n\n\n<div class=\"wp-block-column is-vertically-aligned-center is-layout-flow wp-block-column-is-layout-flow\">\n<figure class=\"wp-block-image aligncenter size-full\"><a href=\"https:\/\/www.frontlinedefenders.org\/en\/programme\/digital-protection\" target=\"_blank\" rel=\"noreferrer noopener\"><div style=\"position:relative\"><img decoding=\"async\" src=\"https:\/\/securitylab.amnesty.org\/wp-content\/uploads\/2023\/08\/fld-logo-transparent.png\" alt=\"Front Line Defenders\" class=\"aiic-ignore wp-image-1697\" \/><\/div><\/a><\/figure>\n<\/div>\n<\/div>\n\n\n\n<div class=\"wp-block-columns is-layout-flex wp-container-core-columns-is-layout-9d6595d7 wp-block-columns-is-layout-flex\">\n<div class=\"wp-block-column is-vertically-aligned-top is-layout-flow wp-block-column-is-layout-flow\">\n<figure class=\"wp-block-image alignright size-large\"><a href=\"https:\/\/socialtic.org\/quienes-somos\/\" target=\"_blank\" rel=\"noreferrer noopener\"><div style=\"position:relative\"><img decoding=\"async\" src=\"https:\/\/securitylab.amnesty.org\/wp-content\/uploads\/2023\/08\/social-tic-1024x315.jpeg\" alt=\"SocialTic\" class=\"aiic-ignore wp-image-1698\" \/><\/div><\/a><\/figure>\n<\/div>\n\n\n\n<div class=\"wp-block-column is-vertically-aligned-top is-layout-flow wp-block-column-is-layout-flow\">\n<figure class=\"wp-block-image aligncenter size-full is-resized\"><a href=\"https:\/\/www.hrw.org\" target=\"_blank\" rel=\"noreferrer noopener\"><div style=\"position:relative\"><img decoding=\"async\" src=\"https:\/\/securitylab.amnesty.org\/wp-content\/uploads\/2023\/08\/480px-Hrw_logo.svg_.png\" alt=\"Human Rights Watch\" class=\"aiic-ignore wp-image-1699\" style=\"width:120px;height:120px\" \/><\/div><\/a><\/figure>\n<\/div>\n<\/div>\n\n\n\n<h2 class=\"wp-block-heading\"><\/h2>\n<\/div>\n\n\n\n<div class=\"wp-block-column is-layout-flow wp-block-column-is-layout-flow\" style=\"flex-basis:20%\"><\/div>\n<\/div>\n\n<\/div><\/section>","protected":false},"excerpt":{"rendered":"","protected":false},"author":13,"featured_media":102815,"parent":0,"menu_order":0,"comment_status":"closed","ping_status":"closed","template":"","meta":{"_hero_title":"Partenaires et assistance","_hero_content":"","_hero_cta_text":"","_hero_cta_link":"","_hero_alignment":"","_hero_background":"","_hero_size":"","_hero_show":"","_hero_type":"","_hero_embed":"","_hero_video_id":0,"_hero_hide_image_caption":true,"_hero_hide_image_copyright":false,"_nav_style":"","_disable_share_icons":false,"_disable_sidebar":true,"_display_author_info":false,"_hide_featured_image":false,"_hide_featured_image_caption":true,"_maximize_post_content":false,"_reduce_content_width":false,"_sidebar_id":0,"_stretch_thumbnail":false,"byline_context":"","byline_entity":"","byline_is_author":false,"disable_related_content":false,"download_id":0,"download_text":"","show_published_date":true,"show_updated_date":true,"term_slider":"","amnesty_index_number":"","recipients":"","recipients_refresh":"","recipients_refreshed":"","footnotes":""},"category":[],"location":[],"topic":[],"class_list":["post-102735","page","type-page","status-publish","has-post-thumbnail","hentry"],"_links":{"self":[{"href":"https:\/\/securitylab.amnesty.org\/fr\/wp-json\/wp\/v2\/pages\/102735","targetHints":{"allow":["GET"]}}],"collection":[{"href":"https:\/\/securitylab.amnesty.org\/fr\/wp-json\/wp\/v2\/pages"}],"about":[{"href":"https:\/\/securitylab.amnesty.org\/fr\/wp-json\/wp\/v2\/types\/page"}],"author":[{"embeddable":true,"href":"https:\/\/securitylab.amnesty.org\/fr\/wp-json\/wp\/v2\/users\/13"}],"replies":[{"embeddable":true,"href":"https:\/\/securitylab.amnesty.org\/fr\/wp-json\/wp\/v2\/comments?post=102735"}],"version-history":[{"count":0,"href":"https:\/\/securitylab.amnesty.org\/fr\/wp-json\/wp\/v2\/pages\/102735\/revisions"}],"wp:featuredmedia":[{"embeddable":true,"href":"https:\/\/securitylab.amnesty.org\/fr\/wp-json\/wp\/v2\/media\/102815"}],"wp:attachment":[{"href":"https:\/\/securitylab.amnesty.org\/fr\/wp-json\/wp\/v2\/media?parent=102735"}],"wp:term":[{"taxonomy":"category","embeddable":true,"href":"https:\/\/securitylab.amnesty.org\/fr\/wp-json\/wp\/v2\/category?post=102735"},{"taxonomy":"location","embeddable":true,"href":"https:\/\/securitylab.amnesty.org\/fr\/wp-json\/wp\/v2\/location?post=102735"},{"taxonomy":"topic","embeddable":true,"href":"https:\/\/securitylab.amnesty.org\/fr\/wp-json\/wp\/v2\/topic?post=102735"}],"curies":[{"name":"wp","href":"https:\/\/api.w.org\/{rel}","templated":true}]}}