{"id":102733,"date":"2024-05-23T13:34:08","date_gmt":"2024-05-23T13:34:08","guid":{"rendered":"https:\/\/securitylab.amnesty.org\/fr\/?page_id=102733"},"modified":"2025-03-31T10:43:43","modified_gmt":"2025-03-31T10:43:43","slug":"home","status":"publish","type":"page","link":"https:\/\/securitylab.amnesty.org\/fr\/","title":{"rendered":"Accueil"},"content":{"rendered":"<div class=\"container\"><div class=\"hero-content\"><\/div><\/div><\/div>\n\n<section id=\"section-5368d6c9\" class=\"section section--tinted\" style=\"\"><div id=\"5368d6c9\" class=\"container\">\n\n<h2 class=\"wp-block-heading has-text-align-center\">Nous faisons campagne pour que les droits fondamentaux de chaque individu soient respect\u00e9s.<\/h2>\n\n\n\n<p class=\"has-text-align-center\">Le Security Lab d\u2019Amnesty International est une \u00e9quipe multidisciplinaire de chercheurs et chercheuses, de pirates informatiques, de codeurs et codeuses, de responsables de campagnes et de militant\u00b7e\u00b7s qui \u0153uvrent \u00e0 prot\u00e9ger la soci\u00e9t\u00e9 civile de la surveillance num\u00e9rique ill\u00e9gale, des logiciels espions et d\u2019autres atteintes aux droits humains permises par la technologie.<\/p>\n\n\n\n<div class=\"wp-block-buttons is-content-justification-center is-layout-flex wp-container-core-buttons-is-layout-16018d1d wp-block-buttons-is-layout-flex\">\n<div class=\"wp-block-button\"><a class=\"wp-block-button__link wp-element-button\" href=\"https:\/\/securitylab.amnesty.org\/fr\/get-help\/\">Obtenir de l\u2019aide face aux menaces en mati\u00e8re de s\u00e9curit\u00e9 num\u00e9rique<\/a><\/div>\n<\/div>\n\n<\/div><\/section>\n\n\n<div style=\"height:40px\" aria-hidden=\"true\" class=\"wp-block-spacer\"><\/div>\n\n\n\n<h3 class=\"wp-block-heading has-text-align-center\">Actualit\u00e9s<\/h3>\n\n\n<div class=\"grid grid-3 post-list\"><article class=\"grid-item \" aria-label=\"Article: Angola. Le Logiciel Espion Predator A Permis De Prendre Pour Cible Un Journaliste De Renom\" style=\"aiic:ignore;background-image: url('https:\/\/securitylab.amnesty.org\/fr\/wp-content\/uploads\/sites\/8\/2026\/03\/Phone-of-Journalist-hack-large-640x400.jpg')\" tabindex=\"0\"><div class=\"grid-content\"><span class=\"grid-itemMeta\"><a href=\"https:\/\/securitylab.amnesty.org\/fr\/latest\/category\/communique-de-presse\/\" tabindex=\"0\">Communiqu\u00e9 de presse<\/a><\/span><h3 class=\"grid-itemTitle\"><a href=\"https:\/\/securitylab.amnesty.org\/fr\/latest\/2026\/02\/angola-le-logiciel-espion-predator-a-permis-de-prendre-pour-cible-un-journaliste-de-renom\/\" tabindex=\"0\">Angola. Le logiciel espion Predator a permis de prendre pour cible un journaliste de renom<\/a><\/h3><\/div><\/article><article class=\"grid-item aimc-ignore\" aria-label=\"Article: Pakistan. La Machine De Surveillance De Masse Et De Censure Est Aliment\u00e9e Par Des Entreprises Chinoises, Europ\u00e9ennes, \u00e9miriennes Et Nord-am\u00e9ricaines\" style=\"aiic:ignore;background-image: url('https:\/\/securitylab.amnesty.org\/fr\/wp-content\/uploads\/sites\/8\/2025\/09\/309291-640x400.jpeg')\" tabindex=\"0\"><div class=\"grid-content\"><span class=\"grid-itemMeta\"><a href=\"https:\/\/securitylab.amnesty.org\/fr\/latest\/category\/communique-de-presse\/\" tabindex=\"0\">Communiqu\u00e9 de presse<\/a><\/span><h3 class=\"grid-itemTitle\"><a href=\"https:\/\/securitylab.amnesty.org\/fr\/latest\/2025\/09\/pakistan-la-machine-de-surveillance-de-masse-et-de-censure-est-alimentee-par-des-entreprises-chinoises-europeennes-emiriennes-et-nord-americaines\/\" tabindex=\"0\">Pakistan. La machine de surveillance de masse et de censure est aliment\u00e9e par des entreprises chinoises, europ\u00e9ennes, \u00e9miriennes et nord-am\u00e9ricaines<\/a><\/h3><\/div><\/article><article class=\"grid-item aimc-ignore\" aria-label=\"Article: Italie. Le Nouveau Cas D\u2019un Journaliste Vis\u00e9 Par Le Logiciel Espion Graphite Confirme L\u2019utilisation G\u00e9n\u00e9ralis\u00e9e De La Surveillance Ill\u00e9gale\" style=\"aiic:ignore;background-image: url('https:\/\/securitylab.amnesty.org\/fr\/wp-content\/uploads\/sites\/8\/2024\/05\/hand-holding-phone-e1711543630896-1024x6501-1-640x400.jpg')\" tabindex=\"0\"><div class=\"grid-content\"><span class=\"grid-itemMeta\"><a href=\"https:\/\/securitylab.amnesty.org\/fr\/latest\/category\/communique-de-presse\/\" tabindex=\"0\">Communiqu\u00e9 de presse<\/a><\/span><h3 class=\"grid-itemTitle\"><a href=\"https:\/\/securitylab.amnesty.org\/fr\/latest\/2025\/06\/italie-le-nouveau-cas-dun-journaliste-vise-par-le-logiciel-espion-graphite-confirme-lutilisation-generalisee-de-la-surveillance-illegale\/\" tabindex=\"0\">Italie. Le nouveau cas d\u2019un journaliste vis\u00e9 par le logiciel espion Graphite confirme l\u2019utilisation g\u00e9n\u00e9ralis\u00e9e de la surveillance ill\u00e9gale<\/a><\/h3><\/div><\/article><\/div>","protected":false},"excerpt":{"rendered":"<p>Actualit\u00e9s<\/p>\n","protected":false},"author":2,"featured_media":102831,"parent":0,"menu_order":0,"comment_status":"closed","ping_status":"closed","template":"","meta":{"_hero_title":"Security Lab","_hero_content":"","_hero_cta_text":"","_hero_cta_link":"","_hero_alignment":"","_hero_background":"","_hero_size":"","_hero_show":"","_hero_type":"","_hero_embed":"","_hero_video_id":0,"_hero_hide_image_caption":true,"_hero_hide_image_copyright":false,"_nav_style":"","_disable_share_icons":false,"_disable_sidebar":true,"_display_author_info":false,"_hide_featured_image":false,"_hide_featured_image_caption":true,"_maximize_post_content":false,"_reduce_content_width":false,"_sidebar_id":0,"_stretch_thumbnail":false,"byline_context":"","byline_entity":"","byline_is_author":false,"disable_related_content":false,"download_id":0,"download_text":"","show_published_date":true,"show_updated_date":true,"term_slider":"","amnesty_index_number":"","recipients":"","recipients_refresh":"","recipients_refreshed":"","footnotes":""},"category":[],"location":[],"topic":[],"class_list":["post-102733","page","type-page","status-publish","has-post-thumbnail","hentry"],"_links":{"self":[{"href":"https:\/\/securitylab.amnesty.org\/fr\/wp-json\/wp\/v2\/pages\/102733","targetHints":{"allow":["GET"]}}],"collection":[{"href":"https:\/\/securitylab.amnesty.org\/fr\/wp-json\/wp\/v2\/pages"}],"about":[{"href":"https:\/\/securitylab.amnesty.org\/fr\/wp-json\/wp\/v2\/types\/page"}],"author":[{"embeddable":true,"href":"https:\/\/securitylab.amnesty.org\/fr\/wp-json\/wp\/v2\/users\/2"}],"replies":[{"embeddable":true,"href":"https:\/\/securitylab.amnesty.org\/fr\/wp-json\/wp\/v2\/comments?post=102733"}],"version-history":[{"count":0,"href":"https:\/\/securitylab.amnesty.org\/fr\/wp-json\/wp\/v2\/pages\/102733\/revisions"}],"wp:featuredmedia":[{"embeddable":true,"href":"https:\/\/securitylab.amnesty.org\/fr\/wp-json\/wp\/v2\/media\/102831"}],"wp:attachment":[{"href":"https:\/\/securitylab.amnesty.org\/fr\/wp-json\/wp\/v2\/media?parent=102733"}],"wp:term":[{"taxonomy":"category","embeddable":true,"href":"https:\/\/securitylab.amnesty.org\/fr\/wp-json\/wp\/v2\/category?post=102733"},{"taxonomy":"location","embeddable":true,"href":"https:\/\/securitylab.amnesty.org\/fr\/wp-json\/wp\/v2\/location?post=102733"},{"taxonomy":"topic","embeddable":true,"href":"https:\/\/securitylab.amnesty.org\/fr\/wp-json\/wp\/v2\/topic?post=102733"}],"curies":[{"name":"wp","href":"https:\/\/api.w.org\/{rel}","templated":true}]}}