{"id":102715,"date":"2024-05-23T13:20:49","date_gmt":"2024-05-23T13:20:49","guid":{"rendered":"https:\/\/securitylab.amnesty.org\/fr\/?page_id=102715"},"modified":"2024-05-23T13:20:49","modified_gmt":"2024-05-23T13:20:49","slug":"about","status":"publish","type":"page","link":"https:\/\/securitylab.amnesty.org\/fr\/about\/","title":{"rendered":"\u00c0 propos"},"content":{"rendered":"<div class=\"container\"><div class=\"hero-content\"><\/div><\/div><\/div>\n\n\n<div class=\"wp-block-columns is-layout-flex wp-container-core-columns-is-layout-9d6595d7 wp-block-columns-is-layout-flex\">\n<div class=\"wp-block-column is-layout-flow wp-block-column-is-layout-flow\" style=\"flex-basis:20%\"><\/div>\n\n\n\n<div class=\"wp-block-column is-layout-flow wp-block-column-is-layout-flow\" style=\"flex-basis:60%\"><section id=\"section-b46a8a70\" class=\"section\" style=\"\"><div id=\"b46a8a70\" class=\"container\">\n\n<h2 class=\"wp-block-heading has-text-align-center\">Notre mission<\/h2>\n\n\n\n<p>Du Mexique au Maroc, du Vi\u00eat-Nam \u00e0 la Hongrie, les pouvoirs publics d\u00e9ploient tout un arsenal d\u2019outils en ligne sophistiqu\u00e9s pour \u00e9pier ill\u00e9galement des militant\u00b7e\u00b7s et des journalistes.&nbsp;Lorsqu\u2019un gouvernement s\u2019en prend aux personnes qui d\u00e9fendent nos droits, nous sommes tous et toutes en danger. Nous faisons campagne pour mettre fin \u00e0 la surveillance ill\u00e9gale et cibl\u00e9e qui vise les d\u00e9fenseur\u00b7e\u00b7s des droits humains.<\/p>\n\n\n\n<p>Le Security Lab est une \u00e9quipe multidisciplinaire de chercheurs et chercheuses, de pirates informatiques, de codeurs et codeuses, de responsables de campagne et de militant\u00b7e\u00b7s qui \u0153uvrent \u00e0 prot\u00e9ger la soci\u00e9t\u00e9 civile de la surveillance num\u00e9rique ill\u00e9gale, des logiciels espions et d\u2019autres atteintes aux droits humains permises par la technologie.<\/p>\n\n\n\n<h2 class=\"wp-block-heading has-text-align-center\">Security Lab<\/h2>\n\n\n\n<p>Le Security Lab d\u2019Amnesty International m\u00e8ne des enqu\u00eates techniques de pointe sur les attaques en ligne contre des militant\u00b7e\u00b7s et des journalistes. Il met au point des outils et des services qui contribuent \u00e0 prot\u00e9ger les militant\u00b7e\u00b7s de ces attaques, tout en collaborant plus largement avec la communaut\u00e9 de militant\u00b7e\u00b7s actifs sur Internet pour les aider \u00e0 identifier les menaces num\u00e9riques, des logiciels espions aux coupures de l\u2019acc\u00e8s \u00e0 Internet, et \u00e0 r\u00e9agir face \u00e0 ces dangers.<\/p>\n\n\n\n<p>Nos recherches et enqu\u00eates alimentent nos campagnes fond\u00e9es sur les faits et notre travail de plaidoyer en vue de lutter contre l\u2019utilisation abusive des technologies de surveillance et de veiller \u00e0 ce que les victimes de ces abus aient les moyens de demander justice et obligation de rendre des comptes.<\/p>\n\n\n\n<h2 class=\"wp-block-heading has-text-align-center\"><strong>Bourse en criminalistique num\u00e9rique<\/strong><\/h2>\n\n\n\n<p>La <a href=\"https:\/\/securitylab.amnesty.org\/fr\/digital-forensics-fellowship\/\" target=\"_blank\" rel=\"noreferrer noopener\">Bourse en criminalistique num\u00e9rique<\/a> du Security Lab vise \u00e0 renforcer les connaissances des sp\u00e9cialistes des technologies de la soci\u00e9t\u00e9 civile du monde qui offrent un soutien num\u00e9rique essentiel pour aider les d\u00e9fenseur\u00b7e\u00b7s des droits humains. Les b\u00e9n\u00e9ficiaires collaborent avec des sp\u00e9cialistes du Security Lab afin d\u2019approfondir leur connaissance de la criminalistique num\u00e9rique pour contribuer \u00e0 prot\u00e9ger leur communaut\u00e9 des menaces num\u00e9riques.<\/p>\n\n<\/div><\/section><\/div>\n\n\n\n<div class=\"wp-block-column is-layout-flow wp-block-column-is-layout-flow\" style=\"flex-basis:20%\"><\/div>\n<\/div>\n","protected":false},"excerpt":{"rendered":"","protected":false},"author":13,"featured_media":102716,"parent":0,"menu_order":0,"comment_status":"closed","ping_status":"closed","template":"","meta":{"_hero_title":"\u00c0 propos du <br>Security Lab","_hero_content":"","_hero_cta_text":"","_hero_cta_link":"","_hero_alignment":"","_hero_background":"","_hero_size":"","_hero_show":"","_hero_type":"","_hero_embed":"","_hero_video_id":0,"_hero_hide_image_caption":true,"_hero_hide_image_copyright":false,"_nav_style":"","_disable_share_icons":false,"_disable_sidebar":true,"_display_author_info":false,"_hide_featured_image":false,"_hide_featured_image_caption":true,"_maximize_post_content":false,"_reduce_content_width":false,"_sidebar_id":0,"_stretch_thumbnail":false,"byline_context":"","byline_entity":"","byline_is_author":false,"disable_related_content":false,"download_id":0,"download_text":"","show_published_date":true,"show_updated_date":true,"term_slider":"","amnesty_index_number":"","recipients":"","recipients_refresh":"","recipients_refreshed":"","footnotes":""},"category":[],"location":[],"topic":[],"class_list":["post-102715","page","type-page","status-publish","has-post-thumbnail","hentry"],"_links":{"self":[{"href":"https:\/\/securitylab.amnesty.org\/fr\/wp-json\/wp\/v2\/pages\/102715","targetHints":{"allow":["GET"]}}],"collection":[{"href":"https:\/\/securitylab.amnesty.org\/fr\/wp-json\/wp\/v2\/pages"}],"about":[{"href":"https:\/\/securitylab.amnesty.org\/fr\/wp-json\/wp\/v2\/types\/page"}],"author":[{"embeddable":true,"href":"https:\/\/securitylab.amnesty.org\/fr\/wp-json\/wp\/v2\/users\/13"}],"replies":[{"embeddable":true,"href":"https:\/\/securitylab.amnesty.org\/fr\/wp-json\/wp\/v2\/comments?post=102715"}],"version-history":[{"count":0,"href":"https:\/\/securitylab.amnesty.org\/fr\/wp-json\/wp\/v2\/pages\/102715\/revisions"}],"wp:featuredmedia":[{"embeddable":true,"href":"https:\/\/securitylab.amnesty.org\/fr\/wp-json\/wp\/v2\/media\/102716"}],"wp:attachment":[{"href":"https:\/\/securitylab.amnesty.org\/fr\/wp-json\/wp\/v2\/media?parent=102715"}],"wp:term":[{"taxonomy":"category","embeddable":true,"href":"https:\/\/securitylab.amnesty.org\/fr\/wp-json\/wp\/v2\/category?post=102715"},{"taxonomy":"location","embeddable":true,"href":"https:\/\/securitylab.amnesty.org\/fr\/wp-json\/wp\/v2\/location?post=102715"},{"taxonomy":"topic","embeddable":true,"href":"https:\/\/securitylab.amnesty.org\/fr\/wp-json\/wp\/v2\/topic?post=102715"}],"curies":[{"name":"wp","href":"https:\/\/api.w.org\/{rel}","templated":true}]}}