{"id":98898,"date":"2024-05-21T10:47:55","date_gmt":"2024-05-21T10:47:55","guid":{"rendered":"https:\/\/securitylab.amnesty.org\/es\/?page_id=98898"},"modified":"2026-03-16T15:58:05","modified_gmt":"2026-03-16T15:58:05","slug":"digital-forensics-fellowship","status":"publish","type":"page","link":"https:\/\/securitylab.amnesty.org\/es\/digital-forensics-fellowship\/","title":{"rendered":"Becas \u201cDigital Forensics Fellowship\u201d"},"content":{"rendered":"<div class=\"container\"><div class=\"hero-content\"><\/div><\/div><\/div>\n\n\n<div class=\"wp-block-columns is-layout-flex wp-container-core-columns-is-layout-9d6595d7 wp-block-columns-is-layout-flex\">\n<div class=\"wp-block-column is-layout-flow wp-block-column-is-layout-flow\" style=\"flex-basis:20%\"><\/div>\n\n\n\n<div class=\"wp-block-column is-layout-flow wp-block-column-is-layout-flow\" style=\"flex-basis:60%\"><section id=\"section-da24046f\" class=\"section\" style=\"\"><div id=\"da24046f\" class=\"container\">\n\n<p>El programa de becas \u201cDigital Forensics Fellowship\u201d es una oportunidad para que los defensores y defensoras de derechos humanos cuyo trabajo se desarrolle en la intersecci\u00f3n entre derechos humanos y tecnolog\u00eda puedan ampliar sus conocimientos en an\u00e1lisis de dispositivos m\u00f3viles y an\u00e1lisis forense digital. Entre 2022 y 2025, el Laboratorio sobre Seguridad form\u00f3 a quince personas becadas de diferentes regiones del mundo diferentes durante los primeros dos a\u00f1os del programa. El curr\u00edculo formativo inclu\u00eda sesiones sobre investigaci\u00f3n de amenazas, an\u00e1lisis forense de dispositivos Android e iOS y an\u00e1lisis de tr\u00e1fico de software malicioso.<\/p>\n\n\n\n<p>La beca es un componente clave del trabajo del Laboratorio sobre Seguridad para combatir la crisis del software esp\u00eda mercenario. Se necesitan capacidades t\u00e9cnicas avanzadas en todas las regiones del mundo para investigar amenazas digitales sofisticadas \u2014por ejemplo, el software esp\u00eda\u2014 y para prestar asistencia a periodistas y defensores y defensores de los derechos humanos afectados. El Laboratorio sobre Seguridad cree que al promover una red m\u00e1s descentralizada, global y diversa de personas bien formadas en respuesta a incidentes e investigaci\u00f3n a trav\u00e9s del programa de becas y otras oportunidades de desarrollo de capacidades, podemos contribuir conjuntamente a una protecci\u00f3n m\u00e1s oportuna y eficaz de defensores y defensoras de los derechos humanos y periodistas contra la vigilancia ilegal.<\/p>\n\n\n\n<p>La cuarta edici\u00f3n del programa de becas \u201cDigital Forensics Fellowship\u201d comenzar\u00e1 en mayo de 2026, tras un proceso de selecci\u00f3n por invitacion al principio del a\u00f1o. Consulta nuestro sitio web y nuestras cuentas en redes sociales para obtener informaci\u00f3n sobre futuras ediciones del programa de becas.<\/p>\n\n\n\n\n\n\n\n\n\n\n\n<h2 class=\"wp-block-heading\">\u00daltimas novedades del programa de becas<\/h2>\n\n\n\n\n\n\n<div class=\"grid grid-2 post-list\"><article class=\"grid-item \" aria-label=\"Article: Nikole: \u201cyo Que Vengo Del Mundo De Las Tecnolog\u00edas, Donde Somos Muy Pocas\u201d\" style=\"aiic:ignore;background-image: url('https:\/\/securitylab.amnesty.org\/es\/wp-content\/uploads\/sites\/4\/2024\/05\/photo_2024-01-04_11-39-06-640x400.jpg')\" tabindex=\"0\"><div class=\"grid-content\"><span class=\"grid-itemMeta\"><a href=\"https:\/\/securitylab.amnesty.org\/es\/latest\/category\/blog\/\" tabindex=\"0\">Blog<\/a><\/span><h3 class=\"grid-itemTitle\"><a href=\"https:\/\/securitylab.amnesty.org\/es\/latest\/2024\/05\/nikole-yo-que-vengo-del-mundo-de-las-tecnologias-donde-somos-muy-pocas\/\" tabindex=\"0\">Nikole: \u201cYo que vengo del mundo de las tecnolog\u00edas, donde somos muy pocas\u201d<\/a><\/h3><\/div><\/article><article class=\"grid-item aimc-ignore\" aria-label=\"Article: Fellowship: Apkqf &#8211; Simplificar El An\u00e1lisis Forense De Android\" style=\"aiic:ignore;background-image: url('https:\/\/securitylab.amnesty.org\/es\/wp-content\/uploads\/sites\/4\/2024\/03\/270593-640x400.jpg')\" tabindex=\"0\"><div class=\"grid-content\"><span class=\"grid-itemMeta\"><a href=\"https:\/\/securitylab.amnesty.org\/es\/latest\/category\/blog\/\" tabindex=\"0\">Blog<\/a><\/span><h3 class=\"grid-itemTitle\"><a href=\"https:\/\/securitylab.amnesty.org\/es\/latest\/2023\/09\/fellowship-apkqf-simplificar-el-analisis-forense-de-android\/\" tabindex=\"0\">Fellowship: APKQF &#8211; Simplificar el an\u00e1lisis forense de Android<\/a><\/h3><\/div><\/article><\/div>\n<\/div><\/section><\/div>\n\n\n\n<div class=\"wp-block-column is-layout-flow wp-block-column-is-layout-flow\" style=\"flex-basis:20%\"><\/div>\n<\/div>\n","protected":false},"excerpt":{"rendered":"","protected":false},"author":13,"featured_media":99041,"parent":0,"menu_order":0,"comment_status":"closed","ping_status":"closed","template":"","meta":{"_hero_title":"Becas <br>\u201cDigital Forensics Fellowship\u201d","_hero_content":"","_hero_cta_text":"","_hero_cta_link":"","_hero_alignment":"","_hero_background":"","_hero_size":"","_hero_show":"","_hero_type":"","_hero_embed":"","_hero_video_id":0,"_hero_hide_image_caption":true,"_hero_hide_image_copyright":false,"_nav_style":"","_disable_share_icons":false,"_disable_sidebar":true,"_display_author_info":false,"_hide_featured_image":false,"_hide_featured_image_caption":true,"_maximize_post_content":true,"_reduce_content_width":false,"_sidebar_id":0,"_stretch_thumbnail":false,"byline_context":"","byline_entity":"","byline_is_author":false,"disable_related_content":false,"download_id":0,"download_text":"","show_published_date":true,"show_updated_date":true,"term_slider":"","amnesty_index_number":"","recipients":"","recipients_refresh":"","recipients_refreshed":"","footnotes":""},"category":[],"location":[],"topic":[],"class_list":["post-98898","page","type-page","status-publish","has-post-thumbnail","hentry"],"_links":{"self":[{"href":"https:\/\/securitylab.amnesty.org\/es\/wp-json\/wp\/v2\/pages\/98898","targetHints":{"allow":["GET"]}}],"collection":[{"href":"https:\/\/securitylab.amnesty.org\/es\/wp-json\/wp\/v2\/pages"}],"about":[{"href":"https:\/\/securitylab.amnesty.org\/es\/wp-json\/wp\/v2\/types\/page"}],"author":[{"embeddable":true,"href":"https:\/\/securitylab.amnesty.org\/es\/wp-json\/wp\/v2\/users\/13"}],"replies":[{"embeddable":true,"href":"https:\/\/securitylab.amnesty.org\/es\/wp-json\/wp\/v2\/comments?post=98898"}],"version-history":[{"count":0,"href":"https:\/\/securitylab.amnesty.org\/es\/wp-json\/wp\/v2\/pages\/98898\/revisions"}],"wp:featuredmedia":[{"embeddable":true,"href":"https:\/\/securitylab.amnesty.org\/es\/wp-json\/wp\/v2\/media\/99041"}],"wp:attachment":[{"href":"https:\/\/securitylab.amnesty.org\/es\/wp-json\/wp\/v2\/media?parent=98898"}],"wp:term":[{"taxonomy":"category","embeddable":true,"href":"https:\/\/securitylab.amnesty.org\/es\/wp-json\/wp\/v2\/category?post=98898"},{"taxonomy":"location","embeddable":true,"href":"https:\/\/securitylab.amnesty.org\/es\/wp-json\/wp\/v2\/location?post=98898"},{"taxonomy":"topic","embeddable":true,"href":"https:\/\/securitylab.amnesty.org\/es\/wp-json\/wp\/v2\/topic?post=98898"}],"curies":[{"name":"wp","href":"https:\/\/api.w.org\/{rel}","templated":true}]}}