{"id":98887,"date":"2024-05-21T10:52:56","date_gmt":"2024-05-21T10:52:56","guid":{"rendered":"https:\/\/securitylab.amnesty.org\/es\/?page_id=98887"},"modified":"2024-05-30T13:09:45","modified_gmt":"2024-05-30T13:09:45","slug":"amnesty-on-tor","status":"publish","type":"page","link":"https:\/\/securitylab.amnesty.org\/es\/amnesty-on-tor\/","title":{"rendered":"Amnist\u00eda en Tor"},"content":{"rendered":"<div class=\"container\"><div class=\"hero-content\"><\/div><\/div><\/div>\n\n<section id=\"section-65acfe14\" class=\"section\" style=\"\"><div id=\"65acfe14\" class=\"container\">\n\n<div class=\"wp-block-columns is-layout-flex wp-container-core-columns-is-layout-9d6595d7 wp-block-columns-is-layout-flex\">\n<div class=\"wp-block-column is-layout-flow wp-block-column-is-layout-flow\" style=\"flex-basis:20%\"><\/div>\n\n\n\n<div class=\"wp-block-column is-layout-flow wp-block-column-is-layout-flow\" style=\"flex-basis:60%\">\n<p>Nuestro <strong>derecho a la privacidad<\/strong> <strong>y nuestra capacidad de expresarnos libremente<\/strong> en Internet corre m\u00e1s peligro que nunca. Los gobiernos utilizan <strong>software esp\u00eda para atacar a los defensores y defensoras de los derechos humanos<\/strong> y sistemas disruptivos de censura en Internet que <strong>bloquean sitios web enteros<\/strong> que hablan de derechos humanos. De hecho, <a href=\"https:\/\/explorer.ooni.org\/es\/domain\/www.amnesty.org?since=2023-11-16&amp;until=2023-12-16\">los sitios web de Amnist\u00eda est\u00e1n completamente bloqueados<\/a> para las personas que viven en pa\u00edses como Rusia, Ir\u00e1n y China, s\u00f3lo porque nos atrevemos a denunciar las violaciones de derechos humanos que ocurren en esos pa\u00edses.<\/p>\n\n\n\n<p>Afortunadamente, hay organizaciones que buscan las maneras de combatir esta amenaza. Entre ellas se encuentra <a href=\"https:\/\/www.torproject.org\/es\/\">Tor Project<\/a>, una organizaci\u00f3n sin \u00e1nimo de lucro que <strong>desarrolla tecnolog\u00eda<\/strong> <strong>que nos ayuda a mantenernos a salvo en Internet<\/strong>. Tor Project desarrolla y mantiene el navegador gratuito Tor, que es una de las herramientas m\u00e1s potentes disponibles para que quienes lo utilizan con regularidad mantengan su privacidad y anonimato en l\u00ednea.<\/p>\n\n\n\n<p>En diciembre de 2023, Amnist\u00eda Internacional lanz\u00f3 su sitio web global como sitio .onion en la red Tor, lo que permite a los usuarios y usuarias mayor acceso a su innovadora labor de denuncia y documentaci\u00f3n de las violaciones de los derechos humanos en zonas donde pr\u00e1cticas como la vigilancia digital y la censura del gobierno est\u00e1n muy extendidas.<\/p>\n\n\n<figure id=\"\" class=\"is-collapsed wp-block-amnesty-core-collapsable\">\n\t<figcaption>\n\t\t<h2>\u00bfQu\u00e9 es Tor?<\/h2>\n\t\t<button class=\"btn--blank\" aria-hidden=\"true\">\n\t\t\t<span class=\"icon icon-arrow-down\"><\/span>\n\t\t<\/button>\n\t<\/figcaption>\n\t<div class=\"wp-block-amnesty-core-collapsable-inner\">\n\n<p>Tor, acr\u00f3nimo de \u201cThe Onion Router\u201d (enrutamiento de cebolla), es un software que mejora la privacidad y una red gestionada por una comunidad cuya base es el navegador Tor, que dificulta <strong>enormemente el rastreo de lo que se hace en Internet<\/strong>. Es como tener una Red Privada Virtual (VPN) o un navegador privado pero incluso<strong>m\u00e1s<\/strong> <strong>seguro.<\/strong> <\/p>\n\n\n\n<p>Cuando se utiliza el navegador Tor o servicios .onion espec\u00edficos de Tor, la informaci\u00f3n sobre los movimientos en l\u00ednea <strong>se codifica a trav\u00e9s de una red global<\/strong> de repetidores Tor administrados por el voluntariado de Tor Project, lo que significa que hay <strong>m\u00faltiples capas de cifrado<\/strong> que protegen la privacidad, al igual que hay muchas capas en una cebolla.<\/p>\n\n<\/div>\n<\/figure>\n\n\n\n<div style=\"height:10px\" aria-hidden=\"true\" class=\"wp-block-spacer\"><\/div>\n\n\n<figure id=\"\" class=\"is-collapsed wp-block-amnesty-core-collapsable\">\n\t<figcaption>\n\t\t<h2>\u00bfQu\u00e9 hace que la navegaci\u00f3n con Tor sea diferente a la navegaci\u00f3n normal?<\/h2>\n\t\t<button class=\"btn--blank\" aria-hidden=\"true\">\n\t\t\t<span class=\"icon icon-arrow-down\"><\/span>\n\t\t<\/button>\n\t<\/figcaption>\n\t<div class=\"wp-block-amnesty-core-collapsable-inner\">\n\n<p>Para poder explicar lo que diferencia al navegador Tor de otros navegadores, tenemos que ver primero <strong>los fundamentos del funcionamiento de los navegadores normales.<\/strong><\/p>\n\n\n\n<p>Los navegadores normales, como Chrome, Safari o Firefox, buscan sitios web utilizando el DNS o Sistema de Nombres de Dominio. El DNS utiliza una red distribuida de sistemas para <strong>localizar el servidor web<\/strong> que aloja el sitio web que buscamos. A continuaci\u00f3n, nuestro dispositivo establece una conexi\u00f3n directa con ese servidor web. Ese servidor web y los <em>router<\/em> de Internet que se han utilizado para llegar a \u00e9l tienen <strong>nuestra direcci\u00f3n IP,<\/strong> ya que as\u00ed es como han sabido d\u00f3nde enviar el contenido.<\/p>\n\n\n\n<p>Es algo parecido a lo que ocurre cuando enviamos una carta por correo. La carta pasa por una serie de oficinas de correos antes de llegar a su destino. Y del mismo modo que en la carta hay un remite, nuestra direcci\u00f3n IP se incluye en la informaci\u00f3n que se transmite.<\/p>\n\n\n\n<p>Aqu\u00ed es donde la privacidad se convierte en un problema. Cuando navegamos por Internet, <strong>dejamos rastros de nuestra direcci\u00f3n IP<\/strong>, lo que permite hacer un seguimiento de nuestra actividad en l\u00ednea sin que lo sepamos.<\/p>\n\n\n\n<p>Con el navegador Tor <strong>se oculta nuestra direcci\u00f3n IP<\/strong> al hacerla pasar por <strong>m\u00faltiples niveles de cifrado<\/strong> y puntos de transmisi\u00f3n de la red Tor antes de enviar cualquier informaci\u00f3n al sitio web que estamos visitando, lo que hace que la navegaci\u00f3n sea m\u00e1s segura y privada.<\/p>\n\n<\/div>\n<\/figure>\n\n\n\n<div style=\"height:10px\" aria-hidden=\"true\" class=\"wp-block-spacer\"><\/div>\n\n\n<figure id=\"\" class=\"is-collapsed wp-block-amnesty-core-collapsable\">\n\t<figcaption>\n\t\t<h2>\u00bfQu\u00e9 es un dominio .onion?<\/h2>\n\t\t<button class=\"btn--blank\" aria-hidden=\"true\">\n\t\t\t<span class=\"icon icon-arrow-down\"><\/span>\n\t\t<\/button>\n\t<\/figcaption>\n\t<div class=\"wp-block-amnesty-core-collapsable-inner\">\n\n<p>La conexi\u00f3n m\u00e1s segura y privada que podemos establecer usando Tor es con <strong>sitios web que est\u00e1n publicados en un dominio .onion<\/strong>. Estos sitios web se crean <strong>dentro de la red Tor<\/strong> y est\u00e1n <strong>cifrados de extremo a extremo<\/strong>, lo que significa que no hay ninguna informaci\u00f3n que pase por la Internet p\u00fablica despu\u00e9s de salir de la red Tor. <\/p>\n\n\n\n<p>En 2023, <a href=\"https:\/\/www.amnesty.org\/es\/latest\/news\/2023\/12\/global-amnesty-international-website-launches-on-tor-network-to-help-universal-access\/\">empezamos a publicar nuestras investigaciones y campa\u00f1as en un dominio .onion<\/a>, para que las personas que nos apoyan puedan acceder mejor a informaci\u00f3n sobre los derechos humanos sin poner en peligro su privacidad.<\/p>\n\n\n\n<p>Pero, aunque el navegador Tor es una forma estupenda de evitar compartir nuestra direcci\u00f3n IP mientras estamos en l\u00ednea, el uso de la infraestructura normal de Internet <strong>sigue entra\u00f1ando riesgos<\/strong>. Aunque la direcci\u00f3n IP est\u00e9 oculta, <strong>la red probablemente sepa que estamos usando Tor<\/strong>, y esto podr\u00eda suponer dificultades. Para luchar contra este problema, <a href=\"https:\/\/bridges.torproject.org\/\">Tor tambi\u00e9n proporciona puentes<\/a> que hacen que sea m\u00e1s dif\u00edcil para cualquiera que vigile nuestro tr\u00e1fico de Internet determinar que estamos us\u00e1ndolo.<\/p>\n\n<\/div>\n<\/figure>\n\n\n\n<div style=\"height:10px\" aria-hidden=\"true\" class=\"wp-block-spacer\"><\/div>\n\n\n<figure id=\"\" class=\"is-collapsed wp-block-amnesty-core-collapsable\">\n\t<figcaption>\n\t\t<h2>\u00bfC\u00f3mo podemos utilizar Tor?<\/h2>\n\t\t<button class=\"btn--blank\" aria-hidden=\"true\">\n\t\t\t<span class=\"icon icon-arrow-down\"><\/span>\n\t\t<\/button>\n\t<\/figcaption>\n\t<div class=\"wp-block-amnesty-core-collapsable-inner\">\n\n<p>Podemos utilizar Tor <a href=\"https:\/\/www.torproject.org\/download\/\">descarg\u00e1ndonos el navegador Tor<\/a>, que funciona igual que otros navegadores excepto que est\u00e1 conectado a la red Tor.<\/p>\n\n<\/div>\n<\/figure>\n\n\n\n<div style=\"height:10px\" aria-hidden=\"true\" class=\"wp-block-spacer\"><\/div>\n\n\n<figure id=\"\" class=\"is-collapsed wp-block-amnesty-core-collapsable\">\n\t<figcaption>\n\t\t<h2>\u00bfC\u00f3mo ayuda Tor a promover los derechos humanos?<\/h2>\n\t\t<button class=\"btn--blank\" aria-hidden=\"true\">\n\t\t\t<span class=\"icon icon-arrow-down\"><\/span>\n\t\t<\/button>\n\t<\/figcaption>\n\t<div class=\"wp-block-amnesty-core-collapsable-inner\">\n\n<p>Todas las personas tenemos <a href=\"https:\/\/www.un.org\/es\/about-us\/universal-declaration-of-human-rights#:~:text=Article%2012,against%20such%20interference%20or%20attacks.\">derecho a la privacidad<\/a>. Es un derecho bien documentado en legislaciones de todo el mundo, como la <a href=\"https:\/\/www.amnesty.org\/es\/what-we-do\/universal-declaration-of-human-rights\/\">Declaraci\u00f3n Universal de Derechos Humanos<\/a>. Y, sin embargo, nos siguen llegando informes de Estados que utilizan sistemas de vigilancia ileg\u00edtimos y <a href=\"https:\/\/securitylab.amnesty.org\/latest\/2023\/10\/technical-deep-dive-into-intellexa-alliance-surveillance-products\/\">omnipresentes para rastrear la navegaci\u00f3n por Internet<\/a> y el uso de las aplicaciones de mensajer\u00eda.<\/p>\n\n\n\n<p>Los gobiernos tambi\u00e9n utilizan programas esp\u00eda sumamente invasivos y sistemas de vigilancia selectiva para espiar a las personas que hablan en contra de ellos. Estos riesgos no s\u00f3lo afectan a los defensores y defensoras de los derechos humanos que m\u00e1s se hacen o\u00edr. En 2021, <a href=\"https:\/\/www.amnesty.org\/es\/latest\/news\/2022\/03\/the-pegasus-project-how-amnesty-tech-uncovered-the-spyware-scandal-new-video\/\">el Proyecto Pegasus<\/a> desvel\u00f3 que se hab\u00eda utilizado software esp\u00eda de la empresa de vigilancia NSO Group <strong>para espiar potencialmente nada menos que 50.000 tel\u00e9fonos<\/strong> en nombre de clientes gubernamentales.<\/p>\n\n\n\n<p>Nos hemos sumado a los llamamientos mundiales para poner fin a este tipo de vigilancia invasiva y sistem\u00e1tica, pero sabemos que estos programas siguen constituyendo una grave amenaza. \u00c9sa es la raz\u00f3n por la que iniciativas como Tor son tan cruciales para combatir los peligros actuales de la vigilancia. Tor proporciona una ruta alternativa a la web que permite beneficiarse de informaci\u00f3n abierta y libre sin tener que comprometer la privacidad. <\/p>\n\n<\/div>\n<\/figure>\n\n\n<blockquote class=\"blockquote is-lined\"><p>Haciendo que el sitio web de Amnist\u00eda Internacional est\u00e9 disponible como sitio .onion seguro en la red Tor, habr\u00e1 m\u00e1s personas que puedan leer nuestras investigaciones sobre derechos humanos y participar en la vital labor de decir la verdad al poder y defender los derechos humanos.<\/p>\n<cite>Donncha \u00d3 Cearbhaill, director del Laboratorio sobre Seguridad de Amnesty Tech<\/cite><\/blockquote>\n\n\n<p>\u201cEl sitio .onion proporciona a personas de todo el mundo una manera de ejercer sus derechos a la privacidad, la libertad de expresi\u00f3n, la libertad de reuni\u00f3n pac\u00edfica y la libertad de asociaci\u00f3n en un entorno online seguro\u201d, ha declarado Donncha \u00d3 Cearbhaill, director del Laboratorio sobre Seguridad de Amnesty Tech.<\/p>\n\n\n\n<p>\u201cHaciendo que el sitio web de Amnist\u00eda Internacional est\u00e9 disponible como sitio .onion seguro en la red Tor, habr\u00e1 m\u00e1s personas que puedan leer nuestras investigaciones sobre derechos humanos y participar en la vital labor de decir la verdad al poder y defender los derechos humanos.\u201d<\/p>\n\n\n\n<p>Al nuevo sitio .onion de Amnist\u00eda puede accederse utilizando el navegador Tor a trav\u00e9s de nuestra direcci\u00f3n .onion segura en\u00a0<a href=\"https:\/\/www.amnestyl337aduwuvpf57irfl54ggtnuera45ygcxzuftwxjvvmpuzqd.onion\/\">https:\/\/www.amnestyl337aduwuvpf57irfl54ggtnuera45ygcxzuftwxjvvmpuzqd.onion<\/a>.<\/p>\n\n\n\n<p>El navegador debe descargarse e instalarse a trav\u00e9s del <a href=\"https:\/\/www.torproject.org\/download\/\">sitio web oficial de Tor Project<\/a>.<\/p>\n\n\n\n<h2 class=\"wp-block-heading\" id=\"h-how-to-access-amnesty-websites-using-tor\"><strong>C\u00f3mo acceder a los sitios web de Amnist\u00eda usando Tor<\/strong><\/h2>\n\n\n\n<p>Tor Project tiene una versi\u00f3n del navegador Tor para muchas de las plataformas habituales, como Windows, Mac, Linux y Android. A los sitios .onion tambi\u00e9n se puede acceder con un iPhone a trav\u00e9s de la aplicaci\u00f3n <a href=\"https:\/\/onionbrowser.com\/\">Onion Browser<\/a>. En los pa\u00edses donde la red Tor est\u00e1 bloqueada, quienes nos visitan tambi\u00e9n deber\u00e1n configurar <a href=\"https:\/\/bridges.torproject.org\/\">puentes de red Tor <\/a> que ayudan a eludir los intentos de bloquear las conexiones a la red.<\/p>\n\n\n\n<p>Adem\u00e1s, Amnist\u00eda Internacional est\u00e1 creando contenidos para idiomas concretos, como chino, farsi y ruso, disponibles en el sitio web .onion de Amnist\u00eda Internacional en Tor.<\/p>\n\n\n\n<p>\u201cNos entusiasma que una de las m\u00e1s prestigiosas organizaciones de derechos humanos haya adoptado un servicio .onion para ofrecer m\u00e1s protecci\u00f3n online a quienes buscan informaci\u00f3n, apoyo y defensa. La decisi\u00f3n de Amnist\u00eda Internacional de ofrecer una versi\u00f3n .onion de su sitio web pone de relieve el papel fundamental que desempe\u00f1a esta tecnolog\u00eda de privacidad de c\u00f3digo abierto como herramienta en nuestra tarea com\u00fan de promoci\u00f3n de los derechos humanos\u201d, ha afirmado Isabela Fernandes, directora ejecutiva de Tor Project.<\/p>\n<\/div>\n\n\n\n<div class=\"wp-block-column is-layout-flow wp-block-column-is-layout-flow\" style=\"flex-basis:20%\"><\/div>\n<\/div>\n\n<\/div><\/section>","protected":false},"excerpt":{"rendered":"","protected":false},"author":15,"featured_media":98888,"parent":0,"menu_order":0,"comment_status":"closed","ping_status":"closed","template":"","meta":{"_hero_title":"Amnist\u00eda en Tor","_hero_content":"","_hero_cta_text":"","_hero_cta_link":"","_hero_alignment":"","_hero_background":"","_hero_size":"","_hero_show":"","_hero_type":"","_hero_embed":"","_hero_video_id":0,"_hero_hide_image_caption":true,"_hero_hide_image_copyright":false,"_nav_style":"","_disable_share_icons":false,"_disable_sidebar":true,"_display_author_info":false,"_hide_featured_image":false,"_hide_featured_image_caption":true,"_maximize_post_content":false,"_reduce_content_width":false,"_sidebar_id":0,"_stretch_thumbnail":false,"byline_context":"","byline_entity":"","byline_is_author":false,"disable_related_content":false,"download_id":0,"download_text":"","show_published_date":true,"show_updated_date":true,"term_slider":"","amnesty_index_number":"","recipients":"","recipients_refresh":"","recipients_refreshed":"","footnotes":""},"category":[],"location":[],"topic":[],"class_list":["post-98887","page","type-page","status-publish","has-post-thumbnail","hentry"],"_links":{"self":[{"href":"https:\/\/securitylab.amnesty.org\/es\/wp-json\/wp\/v2\/pages\/98887","targetHints":{"allow":["GET"]}}],"collection":[{"href":"https:\/\/securitylab.amnesty.org\/es\/wp-json\/wp\/v2\/pages"}],"about":[{"href":"https:\/\/securitylab.amnesty.org\/es\/wp-json\/wp\/v2\/types\/page"}],"author":[{"embeddable":true,"href":"https:\/\/securitylab.amnesty.org\/es\/wp-json\/wp\/v2\/users\/15"}],"replies":[{"embeddable":true,"href":"https:\/\/securitylab.amnesty.org\/es\/wp-json\/wp\/v2\/comments?post=98887"}],"version-history":[{"count":0,"href":"https:\/\/securitylab.amnesty.org\/es\/wp-json\/wp\/v2\/pages\/98887\/revisions"}],"wp:featuredmedia":[{"embeddable":true,"href":"https:\/\/securitylab.amnesty.org\/es\/wp-json\/wp\/v2\/media\/98888"}],"wp:attachment":[{"href":"https:\/\/securitylab.amnesty.org\/es\/wp-json\/wp\/v2\/media?parent=98887"}],"wp:term":[{"taxonomy":"category","embeddable":true,"href":"https:\/\/securitylab.amnesty.org\/es\/wp-json\/wp\/v2\/category?post=98887"},{"taxonomy":"location","embeddable":true,"href":"https:\/\/securitylab.amnesty.org\/es\/wp-json\/wp\/v2\/location?post=98887"},{"taxonomy":"topic","embeddable":true,"href":"https:\/\/securitylab.amnesty.org\/es\/wp-json\/wp\/v2\/topic?post=98887"}],"curies":[{"name":"wp","href":"https:\/\/api.w.org\/{rel}","templated":true}]}}