{"id":98884,"date":"2024-05-21T10:33:52","date_gmt":"2024-05-21T10:33:52","guid":{"rendered":"https:\/\/securitylab.amnesty.org\/es\/?page_id=98884"},"modified":"2024-05-30T13:09:01","modified_gmt":"2024-05-30T13:09:01","slug":"about","status":"publish","type":"page","link":"https:\/\/securitylab.amnesty.org\/es\/about\/","title":{"rendered":"Qui\u00e9nes somos"},"content":{"rendered":"<div class=\"container\"><div class=\"hero-content\"><\/div><\/div><\/div>\n\n\n<div class=\"wp-block-columns is-layout-flex wp-container-core-columns-is-layout-9d6595d7 wp-block-columns-is-layout-flex\">\n<div class=\"wp-block-column is-layout-flow wp-block-column-is-layout-flow\" style=\"flex-basis:20%\"><\/div>\n\n\n\n<div class=\"wp-block-column is-layout-flow wp-block-column-is-layout-flow\" style=\"flex-basis:60%\"><section id=\"section-becca659\" class=\"section\" style=\"\"><div id=\"becca659\" class=\"container\">\n\n<h2 class=\"wp-block-heading has-text-align-center\">Nuestra misi\u00f3n<\/h2>\n\n\n\n<p>De M\u00e9xico a Marruecos, de Vietnam a Hungr\u00eda, los gobiernos recurren a una serie de sofisticadas herramientas digitales para espiar il\u00edcitamente a activistas y periodistas.&nbsp;Cuando los gobiernos atacan a quienes defienden nuestros derechos, todas las personas estamos en peligro. Hacemos campa\u00f1a para acabar con la vigilancia selectiva e il\u00edcita de defensores y defensoras de los derechos humanos.<\/p>\n\n\n\n<p>El Laboratorio sobre Seguridad es un equipo multidisciplinar de personas dedicadas a la investigaci\u00f3n, hackers, programadores\/as y responsables de campa\u00f1as y de trabajo de incidencia, que trabajan para proteger a la sociedad civil de la vigilancia digital il\u00edcita, los programas esp\u00eda y otros abusos contra los derechos humanos propiciados por la tecnolog\u00eda.<\/p>\n\n\n\n<h2 class=\"wp-block-heading has-text-align-center\">Laboratorio sobre Seguridad<\/h2>\n\n\n\n<p>El Laboratorio sobre Seguridad de Amnist\u00eda Internacional dirige investigaciones t\u00e9cnicas punteras sobre ciberataques contra activistas y periodistas. El Laboratorio crea herramientas y servicios que ayudan a proteger a activistas de ataques, y colabora con la comunidad de activistas digitales en general para ayudarles a identificar amenazas digitales, desde software esp\u00eda hasta cierres de Internet, y reaccionar ante ellas.<\/p>\n\n\n\n<p>Nuestros estudios e investigaciones impulsan unas fundamentadas campa\u00f1as e iniciativas de incidencia para acabar con el uso indebido de las tecnolog\u00edas de vigilancia y garantizar que las v\u00edctimas de estos abusos puedan exigir justicia y rendici\u00f3n de cuentas.<\/p>\n\n\n\n<h2 class=\"wp-block-heading has-text-align-center\"><strong>Becas \u201cDigital Forensics Fellowship\u201d<\/strong><\/h2>\n\n\n\n<p>Las becas <a href=\"https:\/\/securitylab.amnesty.org\/es\/digital-forensics-fellowship\/\">\u201cDigital Forensic Fellowship\u201d<\/a> del Laboratorio sobre Seguridad tienen por objeto reforzar los conocimientos de especialistas en tecnolog\u00eda de la sociedad civil de todo el mundo que prestan un apoyo clave en materia de seguridad digital a las comunidades de defensores y defensoras de los derechos humanos. Las personas becadas colaboran con especialistas del Laboratorio sobre Seguridad para ampliar sus conocimientos de an\u00e1lisis forense digital y ayudar a proteger de amenazas digitales a sus comunidades locales.<\/p>\n\n<\/div><\/section><\/div>\n\n\n\n<div class=\"wp-block-column is-layout-flow wp-block-column-is-layout-flow\" style=\"flex-basis:20%\"><\/div>\n<\/div>\n","protected":false},"excerpt":{"rendered":"","protected":false},"author":13,"featured_media":98885,"parent":0,"menu_order":0,"comment_status":"closed","ping_status":"closed","template":"","meta":{"_hero_title":"laboratorio sobre seguridad","_hero_content":"","_hero_cta_text":"","_hero_cta_link":"","_hero_alignment":"","_hero_background":"","_hero_size":"","_hero_show":"","_hero_type":"","_hero_embed":"","_hero_video_id":0,"_hero_hide_image_caption":true,"_hero_hide_image_copyright":false,"_nav_style":"","_disable_share_icons":false,"_disable_sidebar":true,"_display_author_info":false,"_hide_featured_image":false,"_hide_featured_image_caption":true,"_maximize_post_content":true,"_reduce_content_width":false,"_sidebar_id":0,"_stretch_thumbnail":false,"byline_context":"","byline_entity":"","byline_is_author":false,"disable_related_content":false,"download_id":0,"download_text":"","show_published_date":true,"show_updated_date":true,"term_slider":"","amnesty_index_number":"","recipients":"","recipients_refresh":"","recipients_refreshed":"","footnotes":""},"category":[],"location":[],"topic":[],"class_list":["post-98884","page","type-page","status-publish","has-post-thumbnail","hentry"],"_links":{"self":[{"href":"https:\/\/securitylab.amnesty.org\/es\/wp-json\/wp\/v2\/pages\/98884","targetHints":{"allow":["GET"]}}],"collection":[{"href":"https:\/\/securitylab.amnesty.org\/es\/wp-json\/wp\/v2\/pages"}],"about":[{"href":"https:\/\/securitylab.amnesty.org\/es\/wp-json\/wp\/v2\/types\/page"}],"author":[{"embeddable":true,"href":"https:\/\/securitylab.amnesty.org\/es\/wp-json\/wp\/v2\/users\/13"}],"replies":[{"embeddable":true,"href":"https:\/\/securitylab.amnesty.org\/es\/wp-json\/wp\/v2\/comments?post=98884"}],"version-history":[{"count":0,"href":"https:\/\/securitylab.amnesty.org\/es\/wp-json\/wp\/v2\/pages\/98884\/revisions"}],"wp:featuredmedia":[{"embeddable":true,"href":"https:\/\/securitylab.amnesty.org\/es\/wp-json\/wp\/v2\/media\/98885"}],"wp:attachment":[{"href":"https:\/\/securitylab.amnesty.org\/es\/wp-json\/wp\/v2\/media?parent=98884"}],"wp:term":[{"taxonomy":"category","embeddable":true,"href":"https:\/\/securitylab.amnesty.org\/es\/wp-json\/wp\/v2\/category?post=98884"},{"taxonomy":"location","embeddable":true,"href":"https:\/\/securitylab.amnesty.org\/es\/wp-json\/wp\/v2\/location?post=98884"},{"taxonomy":"topic","embeddable":true,"href":"https:\/\/securitylab.amnesty.org\/es\/wp-json\/wp\/v2\/topic?post=98884"}],"curies":[{"name":"wp","href":"https:\/\/api.w.org\/{rel}","templated":true}]}}